{"id":7206,"date":"2023-05-12T19:36:57","date_gmt":"2023-05-13T00:36:57","guid":{"rendered":"https:\/\/amazonexpeditionperu.com\/?post_type=product&#038;p=7206"},"modified":"2023-06-08T23:21:48","modified_gmt":"2023-06-09T04:21:48","slug":"paquete-turistico-8-dias-7-noches","status":"publish","type":"product","link":"https:\/\/amazonexpeditionperu.com\/es\/tours\/paquete-turistico-8-dias-7-noches\/","title":{"rendered":"Paquete Tur\u00edstico 8 D\u00edas 7 Noches"},"content":{"rendered":"<p>Pacaya Samiria 8 D\u00edas\/7 Noches.<\/p>\n<p>Del 27 de Julio al 04 de Agosto de 2023.<\/p>\n","protected":false},"excerpt":{"rendered":"<ul>\n<li>Pacaya Samiria 8 D\u00edas\/7 Noches.<\/li>\n<li>Del 27 de Julio al 04 de Agosto del 2023.<\/li>\n<\/ul>\n","protected":false},"featured_media":6508,"comment_status":"closed","ping_status":"closed","template":"","meta":[],"product_brand":[],"product_cat":[198],"product_tag":[],"class_list":{"0":"post-7206","1":"product","2":"type-product","3":"status-publish","4":"has-post-thumbnail","6":"product_cat-tours","7":"one-fourth","9":"first","10":"instock","11":"shipping-taxable","12":"purchasable","13":"product-type-simple"},"yoast_head":"<!-- This site is optimized with the Yoast SEO plugin v26.1.1 - https:\/\/yoast.com\/wordpress\/plugins\/seo\/ -->\n<title>Paquete Tur\u00edstico 8 D\u00edas 7 Noches - Amazon Expedition | Peru<\/title>\n<meta name=\"robots\" content=\"noindex, follow\" \/>\n<meta property=\"og:locale\" content=\"es_ES\" \/>\n<meta property=\"og:type\" content=\"article\" \/>\n<meta property=\"og:title\" content=\"Paquete Tur\u00edstico 8 D\u00edas 7 Noches - Amazon Expedition | Peru\" \/>\n<meta property=\"og:description\" content=\"Pacaya Samiria 8 D\u00edas\/7 Noches.  Del 27 de Julio al 04 de Agosto del 2023.\" \/>\n<meta property=\"og:url\" content=\"https:\/\/amazonexpeditionperu.com\/tours\/paquete-turistico-8-dias-7-noches\/\" \/>\n<meta property=\"og:site_name\" content=\"Amazon Expedition | Peru\" \/>\n<meta property=\"article:modified_time\" content=\"2023-06-09T04:21:48+00:00\" \/>\n<meta property=\"og:image\" content=\"https:\/\/amazonexpeditionperu.com\/wp-content\/uploads\/2021\/03\/gocta-22.jpg\" \/>\n\t<meta property=\"og:image:width\" content=\"450\" \/>\n\t<meta property=\"og:image:height\" content=\"450\" \/>\n\t<meta property=\"og:image:type\" content=\"image\/jpeg\" \/>\n<meta name=\"twitter:card\" content=\"summary_large_image\" \/>\n<meta name=\"twitter:label1\" content=\"Tiempo de lectura\" \/>\n\t<meta name=\"twitter:data1\" content=\"1 minuto\" \/>\n<script type=\"application\/ld+json\" class=\"yoast-schema-graph\">{\"@context\":\"https:\/\/schema.org\",\"@graph\":[{\"@type\":\"WebPage\",\"@id\":\"https:\/\/amazonexpeditionperu.com\/tours\/paquete-turistico-8-dias-7-noches\/\",\"url\":\"https:\/\/amazonexpeditionperu.com\/tours\/paquete-turistico-8-dias-7-noches\/\",\"name\":\"Paquete Tur\u00edstico 8 D\u00edas 7 Noches - Amazon Expedition | Peru\",\"isPartOf\":{\"@id\":\"https:\/\/amazonexpeditionperu.com\/#website\"},\"primaryImageOfPage\":{\"@id\":\"https:\/\/amazonexpeditionperu.com\/tours\/paquete-turistico-8-dias-7-noches\/#primaryimage\"},\"image\":{\"@id\":\"https:\/\/amazonexpeditionperu.com\/tours\/paquete-turistico-8-dias-7-noches\/#primaryimage\"},\"thumbnailUrl\":\"https:\/\/amazonexpeditionperu.com\/wp-content\/uploads\/2021\/03\/gocta-22.jpg\",\"datePublished\":\"2023-05-13T00:36:57+00:00\",\"dateModified\":\"2023-06-09T04:21:48+00:00\",\"breadcrumb\":{\"@id\":\"https:\/\/amazonexpeditionperu.com\/tours\/paquete-turistico-8-dias-7-noches\/#breadcrumb\"},\"inLanguage\":\"es\",\"potentialAction\":[{\"@type\":\"ReadAction\",\"target\":[\"https:\/\/amazonexpeditionperu.com\/tours\/paquete-turistico-8-dias-7-noches\/\"]}]},{\"@type\":\"ImageObject\",\"inLanguage\":\"es\",\"@id\":\"https:\/\/amazonexpeditionperu.com\/tours\/paquete-turistico-8-dias-7-noches\/#primaryimage\",\"url\":\"https:\/\/amazonexpeditionperu.com\/wp-content\/uploads\/2021\/03\/gocta-22.jpg\",\"contentUrl\":\"https:\/\/amazonexpeditionperu.com\/wp-content\/uploads\/2021\/03\/gocta-22.jpg\",\"width\":450,\"height\":450},{\"@type\":\"BreadcrumbList\",\"@id\":\"https:\/\/amazonexpeditionperu.com\/tours\/paquete-turistico-8-dias-7-noches\/#breadcrumb\",\"itemListElement\":[{\"@type\":\"ListItem\",\"position\":1,\"name\":\"Home\",\"item\":\"https:\/\/amazonexpeditionperu.com\/es\/\"},{\"@type\":\"ListItem\",\"position\":2,\"name\":\"Tienda\",\"item\":\"https:\/\/amazonexpeditionperu.com\/es\/tienda\/\"},{\"@type\":\"ListItem\",\"position\":3,\"name\":\"Paquete Tur\u00edstico 8 D\u00edas 7 Noches\"}]},{\"@type\":\"WebSite\",\"@id\":\"https:\/\/amazonexpeditionperu.com\/#website\",\"url\":\"https:\/\/amazonexpeditionperu.com\/\",\"name\":\"Amazon Expedition | Peru\",\"description\":\"Tour Agency\",\"publisher\":{\"@id\":\"https:\/\/amazonexpeditionperu.com\/#organization\"},\"potentialAction\":[{\"@type\":\"SearchAction\",\"target\":{\"@type\":\"EntryPoint\",\"urlTemplate\":\"https:\/\/amazonexpeditionperu.com\/?s={search_term_string}\"},\"query-input\":{\"@type\":\"PropertyValueSpecification\",\"valueRequired\":true,\"valueName\":\"search_term_string\"}}],\"inLanguage\":\"es\"},{\"@type\":\"Organization\",\"@id\":\"https:\/\/amazonexpeditionperu.com\/#organization\",\"name\":\"Amazon Expedition | Peru\",\"url\":\"https:\/\/amazonexpeditionperu.com\/\",\"logo\":{\"@type\":\"ImageObject\",\"inLanguage\":\"es\",\"@id\":\"https:\/\/amazonexpeditionperu.com\/#\/schema\/logo\/image\/\",\"url\":\"https:\/\/amazonexpeditionperu.com\/wp-content\/uploads\/2021\/03\/logo-amazon-expedition-blanco.png\",\"contentUrl\":\"https:\/\/amazonexpeditionperu.com\/wp-content\/uploads\/2021\/03\/logo-amazon-expedition-blanco.png\",\"width\":297,\"height\":80,\"caption\":\"Amazon Expedition | Peru\"},\"image\":{\"@id\":\"https:\/\/amazonexpeditionperu.com\/#\/schema\/logo\/image\/\"}}]}<\/script>\n<!-- \/ Yoast SEO plugin. -->","yoast_head_json":{"title":"Paquete Tur\u00edstico 8 D\u00edas 7 Noches - Amazon Expedition | Peru","robots":{"index":"noindex","follow":"follow"},"og_locale":"es_ES","og_type":"article","og_title":"Paquete Tur\u00edstico 8 D\u00edas 7 Noches - Amazon Expedition | Peru","og_description":"Pacaya Samiria 8 D\u00edas\/7 Noches.  Del 27 de Julio al 04 de Agosto del 2023.","og_url":"https:\/\/amazonexpeditionperu.com\/tours\/paquete-turistico-8-dias-7-noches\/","og_site_name":"Amazon Expedition | Peru","article_modified_time":"2023-06-09T04:21:48+00:00","og_image":[{"width":450,"height":450,"url":"https:\/\/amazonexpeditionperu.com\/wp-content\/uploads\/2021\/03\/gocta-22.jpg","type":"image\/jpeg"}],"twitter_card":"summary_large_image","twitter_misc":{"Tiempo de lectura":"1 minuto"},"schema":{"@context":"https:\/\/schema.org","@graph":[{"@type":"WebPage","@id":"https:\/\/amazonexpeditionperu.com\/tours\/paquete-turistico-8-dias-7-noches\/","url":"https:\/\/amazonexpeditionperu.com\/tours\/paquete-turistico-8-dias-7-noches\/","name":"Paquete Tur\u00edstico 8 D\u00edas 7 Noches - Amazon Expedition | Peru","isPartOf":{"@id":"https:\/\/amazonexpeditionperu.com\/#website"},"primaryImageOfPage":{"@id":"https:\/\/amazonexpeditionperu.com\/tours\/paquete-turistico-8-dias-7-noches\/#primaryimage"},"image":{"@id":"https:\/\/amazonexpeditionperu.com\/tours\/paquete-turistico-8-dias-7-noches\/#primaryimage"},"thumbnailUrl":"https:\/\/amazonexpeditionperu.com\/wp-content\/uploads\/2021\/03\/gocta-22.jpg","datePublished":"2023-05-13T00:36:57+00:00","dateModified":"2023-06-09T04:21:48+00:00","breadcrumb":{"@id":"https:\/\/amazonexpeditionperu.com\/tours\/paquete-turistico-8-dias-7-noches\/#breadcrumb"},"inLanguage":"es","potentialAction":[{"@type":"ReadAction","target":["https:\/\/amazonexpeditionperu.com\/tours\/paquete-turistico-8-dias-7-noches\/"]}]},{"@type":"ImageObject","inLanguage":"es","@id":"https:\/\/amazonexpeditionperu.com\/tours\/paquete-turistico-8-dias-7-noches\/#primaryimage","url":"https:\/\/amazonexpeditionperu.com\/wp-content\/uploads\/2021\/03\/gocta-22.jpg","contentUrl":"https:\/\/amazonexpeditionperu.com\/wp-content\/uploads\/2021\/03\/gocta-22.jpg","width":450,"height":450},{"@type":"BreadcrumbList","@id":"https:\/\/amazonexpeditionperu.com\/tours\/paquete-turistico-8-dias-7-noches\/#breadcrumb","itemListElement":[{"@type":"ListItem","position":1,"name":"Home","item":"https:\/\/amazonexpeditionperu.com\/es\/"},{"@type":"ListItem","position":2,"name":"Tienda","item":"https:\/\/amazonexpeditionperu.com\/es\/tienda\/"},{"@type":"ListItem","position":3,"name":"Paquete Tur\u00edstico 8 D\u00edas 7 Noches"}]},{"@type":"WebSite","@id":"https:\/\/amazonexpeditionperu.com\/#website","url":"https:\/\/amazonexpeditionperu.com\/","name":"Amazon Expedition | Peru","description":"Tour Agency","publisher":{"@id":"https:\/\/amazonexpeditionperu.com\/#organization"},"potentialAction":[{"@type":"SearchAction","target":{"@type":"EntryPoint","urlTemplate":"https:\/\/amazonexpeditionperu.com\/?s={search_term_string}"},"query-input":{"@type":"PropertyValueSpecification","valueRequired":true,"valueName":"search_term_string"}}],"inLanguage":"es"},{"@type":"Organization","@id":"https:\/\/amazonexpeditionperu.com\/#organization","name":"Amazon Expedition | Peru","url":"https:\/\/amazonexpeditionperu.com\/","logo":{"@type":"ImageObject","inLanguage":"es","@id":"https:\/\/amazonexpeditionperu.com\/#\/schema\/logo\/image\/","url":"https:\/\/amazonexpeditionperu.com\/wp-content\/uploads\/2021\/03\/logo-amazon-expedition-blanco.png","contentUrl":"https:\/\/amazonexpeditionperu.com\/wp-content\/uploads\/2021\/03\/logo-amazon-expedition-blanco.png","width":297,"height":80,"caption":"Amazon Expedition | Peru"},"image":{"@id":"https:\/\/amazonexpeditionperu.com\/#\/schema\/logo\/image\/"}}]}},"_links":{"self":[{"href":"https:\/\/amazonexpeditionperu.com\/es\/wp-json\/wp\/v2\/product\/7206","targetHints":{"allow":["GET"]}}],"collection":[{"href":"https:\/\/amazonexpeditionperu.com\/es\/wp-json\/wp\/v2\/product"}],"about":[{"href":"https:\/\/amazonexpeditionperu.com\/es\/wp-json\/wp\/v2\/types\/product"}],"replies":[{"embeddable":true,"href":"https:\/\/amazonexpeditionperu.com\/es\/wp-json\/wp\/v2\/comments?post=7206"}],"wp:featuredmedia":[{"embeddable":true,"href":"https:\/\/amazonexpeditionperu.com\/es\/wp-json\/wp\/v2\/media\/6508"}],"wp:attachment":[{"href":"https:\/\/amazonexpeditionperu.com\/es\/wp-json\/wp\/v2\/media?parent=7206"}],"wp:term":[{"taxonomy":"product_brand","embeddable":true,"href":"https:\/\/amazonexpeditionperu.com\/es\/wp-json\/wp\/v2\/product_brand?post=7206"},{"taxonomy":"product_cat","embeddable":true,"href":"https:\/\/amazonexpeditionperu.com\/es\/wp-json\/wp\/v2\/product_cat?post=7206"},{"taxonomy":"product_tag","embeddable":true,"href":"https:\/\/amazonexpeditionperu.com\/es\/wp-json\/wp\/v2\/product_tag?post=7206"}],"curies":[{"name":"wp","href":"https:\/\/api.w.org\/{rel}","templated":true}]}}