{"id":8239,"date":"2025-09-05T21:06:09","date_gmt":"2025-09-06T02:06:09","guid":{"rendered":"https:\/\/amazonexpeditionperu.com\/pacaya-samiria-tour-packages\/"},"modified":"2025-09-11T15:42:07","modified_gmt":"2025-09-11T20:42:07","slug":"paquetes-turisticos-pacaya-samiria","status":"publish","type":"page","link":"https:\/\/amazonexpeditionperu.com\/es\/paquetes-turisticos-pacaya-samiria\/","title":{"rendered":"Paquetes Tur\u00edsticos Pacaya-Samiria"},"content":{"rendered":"<div class=\"wpb-content-wrapper\"><p>[vc_row][vc_column][vc_column_text css=\u00bb\u00bb]<\/p>\n<div class=\"one withsmallpadding ppb_header \">\n<div class=\"standard_wrapper\">\n<div class=\"page_content_wrapper\">\n<div class=\"inner\">\n<div>\n<h1><\/h1>\n<h1 class=\"ppb_title\" style=\"text-align: center;\">Paquetes Tur\u00edsticos Pacaya-Samiria<\/h1>\n<div class=\"ppb_header_content\">\n<p style=\"text-align: center;\" data-start=\"184\" data-end=\"648\">Nuestros tours en la <strong>Reserva Nacional Pacaya-Samiria<\/strong> te permiten navegar por r\u00edos remotos, caminar por la <strong>selva<\/strong>, conocer plantas medicinales, observar fauna ex\u00f3tica y disfrutar de comidas tradicionales. Desde recorrer afluentes del <strong>r\u00edo Amazonas<\/strong> hasta visitar pueblos selv\u00e1ticos y ciudades como <strong>Tarapoto<\/strong> e <strong>Iquitos<\/strong>, estas expediciones ofrecen una experiencia \u00fanica en la Amazon\u00eda peruana. Consulta nuestras excursiones est\u00e1ndar y cont\u00e1ctanos para cualquier consulta.<\/p>\n<\/div>\n<\/div>\n<\/div>\n<\/div>\n<\/div>\n<\/div>\n<p>[\/vc_column_text][\/vc_column][\/vc_row]<\/p>\n<\/div>","protected":false},"excerpt":{"rendered":"<p>[vc_row][vc_column][vc_column_text css=\u00bb\u00bb] Paquetes Tur\u00edsticos Pacaya-Samiria Nuestros tours en la Reserva Nacional Pacaya-Samiria te permiten navegar por r\u00edos remotos, caminar por la selva, conocer plantas medicinales, observar fauna ex\u00f3tica y disfrutar de comidas tradicionales. Desde recorrer afluentes del r\u00edo Amazonas hasta visitar pueblos selv\u00e1ticos y ciudades como Tarapoto e Iquitos, estas expediciones ofrecen una experiencia \u00fanica [&hellip;]<\/p>\n","protected":false},"author":9,"featured_media":7792,"parent":0,"menu_order":0,"comment_status":"closed","ping_status":"closed","template":"page-tour-list.php","meta":{"footnotes":""},"class_list":["post-8239","page","type-page","status-publish","has-post-thumbnail","hentry"],"yoast_head":"<!-- This site is optimized with the Yoast SEO plugin v26.1.1 - https:\/\/yoast.com\/wordpress\/plugins\/seo\/ -->\n<title>Paquetes Tur\u00edsticos Pacaya-Samiria | Amazon Expedition Peru<\/title>\n<meta name=\"description\" content=\"Explora la Reserva Pacaya-Samiria: tours por r\u00edos amaz\u00f3nicos, fauna ex\u00f3tica, selva y cultura local. Salidas desde Iquitos y Tarapoto.\" \/>\n<meta name=\"robots\" content=\"index, follow, max-snippet:-1, max-image-preview:large, max-video-preview:-1\" \/>\n<link rel=\"canonical\" href=\"https:\/\/amazonexpeditionperu.com\/es\/paquetes-turisticos-pacaya-samiria\/\" \/>\n<meta property=\"og:locale\" content=\"es_ES\" \/>\n<meta property=\"og:type\" content=\"article\" \/>\n<meta property=\"og:title\" content=\"Paquetes Tur\u00edsticos Pacaya-Samiria | Amazon Expedition Peru\" \/>\n<meta property=\"og:description\" content=\"Explora la Reserva Pacaya-Samiria: tours por r\u00edos amaz\u00f3nicos, fauna ex\u00f3tica, selva y cultura local. Salidas desde Iquitos y Tarapoto.\" \/>\n<meta property=\"og:url\" content=\"https:\/\/amazonexpeditionperu.com\/es\/paquetes-turisticos-pacaya-samiria\/\" \/>\n<meta property=\"og:site_name\" content=\"Amazon Expedition | Peru\" \/>\n<meta property=\"article:modified_time\" content=\"2025-09-11T20:42:07+00:00\" \/>\n<meta property=\"og:image\" content=\"https:\/\/amazonexpeditionperu.com\/wp-content\/uploads\/2025\/09\/Tours-Pacaya-Samiria-Reserva-Nacional-Amazon-Expedition-Peru-4.jpg\" \/>\n\t<meta property=\"og:image:width\" content=\"1920\" \/>\n\t<meta property=\"og:image:height\" content=\"1080\" \/>\n\t<meta property=\"og:image:type\" content=\"image\/jpeg\" \/>\n<meta name=\"twitter:card\" content=\"summary_large_image\" \/>\n<meta name=\"twitter:label1\" content=\"Tiempo de lectura\" \/>\n\t<meta name=\"twitter:data1\" content=\"1 minuto\" \/>\n<script type=\"application\/ld+json\" class=\"yoast-schema-graph\">{\"@context\":\"https:\/\/schema.org\",\"@graph\":[{\"@type\":\"WebPage\",\"@id\":\"https:\/\/amazonexpeditionperu.com\/es\/paquetes-turisticos-pacaya-samiria\/\",\"url\":\"https:\/\/amazonexpeditionperu.com\/es\/paquetes-turisticos-pacaya-samiria\/\",\"name\":\"Paquetes Tur\u00edsticos Pacaya-Samiria | Amazon Expedition Peru\",\"isPartOf\":{\"@id\":\"https:\/\/amazonexpeditionperu.com\/#website\"},\"primaryImageOfPage\":{\"@id\":\"https:\/\/amazonexpeditionperu.com\/es\/paquetes-turisticos-pacaya-samiria\/#primaryimage\"},\"image\":{\"@id\":\"https:\/\/amazonexpeditionperu.com\/es\/paquetes-turisticos-pacaya-samiria\/#primaryimage\"},\"thumbnailUrl\":\"https:\/\/amazonexpeditionperu.com\/wp-content\/uploads\/2025\/09\/Tours-Pacaya-Samiria-Reserva-Nacional-Amazon-Expedition-Peru-4.jpg\",\"datePublished\":\"2025-09-06T02:06:09+00:00\",\"dateModified\":\"2025-09-11T20:42:07+00:00\",\"description\":\"Explora la Reserva Pacaya-Samiria: tours por r\u00edos amaz\u00f3nicos, fauna ex\u00f3tica, selva y cultura local. Salidas desde Iquitos y Tarapoto.\",\"breadcrumb\":{\"@id\":\"https:\/\/amazonexpeditionperu.com\/es\/paquetes-turisticos-pacaya-samiria\/#breadcrumb\"},\"inLanguage\":\"es\",\"potentialAction\":[{\"@type\":\"ReadAction\",\"target\":[\"https:\/\/amazonexpeditionperu.com\/es\/paquetes-turisticos-pacaya-samiria\/\"]}]},{\"@type\":\"ImageObject\",\"inLanguage\":\"es\",\"@id\":\"https:\/\/amazonexpeditionperu.com\/es\/paquetes-turisticos-pacaya-samiria\/#primaryimage\",\"url\":\"https:\/\/amazonexpeditionperu.com\/wp-content\/uploads\/2025\/09\/Tours-Pacaya-Samiria-Reserva-Nacional-Amazon-Expedition-Peru-4.jpg\",\"contentUrl\":\"https:\/\/amazonexpeditionperu.com\/wp-content\/uploads\/2025\/09\/Tours-Pacaya-Samiria-Reserva-Nacional-Amazon-Expedition-Peru-4.jpg\",\"width\":1920,\"height\":1080},{\"@type\":\"BreadcrumbList\",\"@id\":\"https:\/\/amazonexpeditionperu.com\/es\/paquetes-turisticos-pacaya-samiria\/#breadcrumb\",\"itemListElement\":[{\"@type\":\"ListItem\",\"position\":1,\"name\":\"Home\",\"item\":\"https:\/\/amazonexpeditionperu.com\/es\/\"},{\"@type\":\"ListItem\",\"position\":2,\"name\":\"Paquetes Tur\u00edsticos Pacaya-Samiria\"}]},{\"@type\":\"WebSite\",\"@id\":\"https:\/\/amazonexpeditionperu.com\/#website\",\"url\":\"https:\/\/amazonexpeditionperu.com\/\",\"name\":\"Amazon Expedition | Peru\",\"description\":\"Tour Agency\",\"publisher\":{\"@id\":\"https:\/\/amazonexpeditionperu.com\/#organization\"},\"potentialAction\":[{\"@type\":\"SearchAction\",\"target\":{\"@type\":\"EntryPoint\",\"urlTemplate\":\"https:\/\/amazonexpeditionperu.com\/?s={search_term_string}\"},\"query-input\":{\"@type\":\"PropertyValueSpecification\",\"valueRequired\":true,\"valueName\":\"search_term_string\"}}],\"inLanguage\":\"es\"},{\"@type\":\"Organization\",\"@id\":\"https:\/\/amazonexpeditionperu.com\/#organization\",\"name\":\"Amazon Expedition | Peru\",\"url\":\"https:\/\/amazonexpeditionperu.com\/\",\"logo\":{\"@type\":\"ImageObject\",\"inLanguage\":\"es\",\"@id\":\"https:\/\/amazonexpeditionperu.com\/#\/schema\/logo\/image\/\",\"url\":\"https:\/\/amazonexpeditionperu.com\/wp-content\/uploads\/2021\/03\/logo-amazon-expedition-blanco.png\",\"contentUrl\":\"https:\/\/amazonexpeditionperu.com\/wp-content\/uploads\/2021\/03\/logo-amazon-expedition-blanco.png\",\"width\":297,\"height\":80,\"caption\":\"Amazon Expedition | Peru\"},\"image\":{\"@id\":\"https:\/\/amazonexpeditionperu.com\/#\/schema\/logo\/image\/\"}}]}<\/script>\n<!-- \/ Yoast SEO plugin. -->","yoast_head_json":{"title":"Paquetes Tur\u00edsticos Pacaya-Samiria | Amazon Expedition Peru","description":"Explora la Reserva Pacaya-Samiria: tours por r\u00edos amaz\u00f3nicos, fauna ex\u00f3tica, selva y cultura local. Salidas desde Iquitos y Tarapoto.","robots":{"index":"index","follow":"follow","max-snippet":"max-snippet:-1","max-image-preview":"max-image-preview:large","max-video-preview":"max-video-preview:-1"},"canonical":"https:\/\/amazonexpeditionperu.com\/es\/paquetes-turisticos-pacaya-samiria\/","og_locale":"es_ES","og_type":"article","og_title":"Paquetes Tur\u00edsticos Pacaya-Samiria | Amazon Expedition Peru","og_description":"Explora la Reserva Pacaya-Samiria: tours por r\u00edos amaz\u00f3nicos, fauna ex\u00f3tica, selva y cultura local. Salidas desde Iquitos y Tarapoto.","og_url":"https:\/\/amazonexpeditionperu.com\/es\/paquetes-turisticos-pacaya-samiria\/","og_site_name":"Amazon Expedition | Peru","article_modified_time":"2025-09-11T20:42:07+00:00","og_image":[{"width":1920,"height":1080,"url":"https:\/\/amazonexpeditionperu.com\/wp-content\/uploads\/2025\/09\/Tours-Pacaya-Samiria-Reserva-Nacional-Amazon-Expedition-Peru-4.jpg","type":"image\/jpeg"}],"twitter_card":"summary_large_image","twitter_misc":{"Tiempo de lectura":"1 minuto"},"schema":{"@context":"https:\/\/schema.org","@graph":[{"@type":"WebPage","@id":"https:\/\/amazonexpeditionperu.com\/es\/paquetes-turisticos-pacaya-samiria\/","url":"https:\/\/amazonexpeditionperu.com\/es\/paquetes-turisticos-pacaya-samiria\/","name":"Paquetes Tur\u00edsticos Pacaya-Samiria | Amazon Expedition Peru","isPartOf":{"@id":"https:\/\/amazonexpeditionperu.com\/#website"},"primaryImageOfPage":{"@id":"https:\/\/amazonexpeditionperu.com\/es\/paquetes-turisticos-pacaya-samiria\/#primaryimage"},"image":{"@id":"https:\/\/amazonexpeditionperu.com\/es\/paquetes-turisticos-pacaya-samiria\/#primaryimage"},"thumbnailUrl":"https:\/\/amazonexpeditionperu.com\/wp-content\/uploads\/2025\/09\/Tours-Pacaya-Samiria-Reserva-Nacional-Amazon-Expedition-Peru-4.jpg","datePublished":"2025-09-06T02:06:09+00:00","dateModified":"2025-09-11T20:42:07+00:00","description":"Explora la Reserva Pacaya-Samiria: tours por r\u00edos amaz\u00f3nicos, fauna ex\u00f3tica, selva y cultura local. Salidas desde Iquitos y Tarapoto.","breadcrumb":{"@id":"https:\/\/amazonexpeditionperu.com\/es\/paquetes-turisticos-pacaya-samiria\/#breadcrumb"},"inLanguage":"es","potentialAction":[{"@type":"ReadAction","target":["https:\/\/amazonexpeditionperu.com\/es\/paquetes-turisticos-pacaya-samiria\/"]}]},{"@type":"ImageObject","inLanguage":"es","@id":"https:\/\/amazonexpeditionperu.com\/es\/paquetes-turisticos-pacaya-samiria\/#primaryimage","url":"https:\/\/amazonexpeditionperu.com\/wp-content\/uploads\/2025\/09\/Tours-Pacaya-Samiria-Reserva-Nacional-Amazon-Expedition-Peru-4.jpg","contentUrl":"https:\/\/amazonexpeditionperu.com\/wp-content\/uploads\/2025\/09\/Tours-Pacaya-Samiria-Reserva-Nacional-Amazon-Expedition-Peru-4.jpg","width":1920,"height":1080},{"@type":"BreadcrumbList","@id":"https:\/\/amazonexpeditionperu.com\/es\/paquetes-turisticos-pacaya-samiria\/#breadcrumb","itemListElement":[{"@type":"ListItem","position":1,"name":"Home","item":"https:\/\/amazonexpeditionperu.com\/es\/"},{"@type":"ListItem","position":2,"name":"Paquetes Tur\u00edsticos Pacaya-Samiria"}]},{"@type":"WebSite","@id":"https:\/\/amazonexpeditionperu.com\/#website","url":"https:\/\/amazonexpeditionperu.com\/","name":"Amazon Expedition | Peru","description":"Tour Agency","publisher":{"@id":"https:\/\/amazonexpeditionperu.com\/#organization"},"potentialAction":[{"@type":"SearchAction","target":{"@type":"EntryPoint","urlTemplate":"https:\/\/amazonexpeditionperu.com\/?s={search_term_string}"},"query-input":{"@type":"PropertyValueSpecification","valueRequired":true,"valueName":"search_term_string"}}],"inLanguage":"es"},{"@type":"Organization","@id":"https:\/\/amazonexpeditionperu.com\/#organization","name":"Amazon Expedition | Peru","url":"https:\/\/amazonexpeditionperu.com\/","logo":{"@type":"ImageObject","inLanguage":"es","@id":"https:\/\/amazonexpeditionperu.com\/#\/schema\/logo\/image\/","url":"https:\/\/amazonexpeditionperu.com\/wp-content\/uploads\/2021\/03\/logo-amazon-expedition-blanco.png","contentUrl":"https:\/\/amazonexpeditionperu.com\/wp-content\/uploads\/2021\/03\/logo-amazon-expedition-blanco.png","width":297,"height":80,"caption":"Amazon Expedition | Peru"},"image":{"@id":"https:\/\/amazonexpeditionperu.com\/#\/schema\/logo\/image\/"}}]}},"_links":{"self":[{"href":"https:\/\/amazonexpeditionperu.com\/es\/wp-json\/wp\/v2\/pages\/8239","targetHints":{"allow":["GET"]}}],"collection":[{"href":"https:\/\/amazonexpeditionperu.com\/es\/wp-json\/wp\/v2\/pages"}],"about":[{"href":"https:\/\/amazonexpeditionperu.com\/es\/wp-json\/wp\/v2\/types\/page"}],"author":[{"embeddable":true,"href":"https:\/\/amazonexpeditionperu.com\/es\/wp-json\/wp\/v2\/users\/9"}],"replies":[{"embeddable":true,"href":"https:\/\/amazonexpeditionperu.com\/es\/wp-json\/wp\/v2\/comments?post=8239"}],"version-history":[{"count":4,"href":"https:\/\/amazonexpeditionperu.com\/es\/wp-json\/wp\/v2\/pages\/8239\/revisions"}],"predecessor-version":[{"id":8270,"href":"https:\/\/amazonexpeditionperu.com\/es\/wp-json\/wp\/v2\/pages\/8239\/revisions\/8270"}],"wp:featuredmedia":[{"embeddable":true,"href":"https:\/\/amazonexpeditionperu.com\/es\/wp-json\/wp\/v2\/media\/7792"}],"wp:attachment":[{"href":"https:\/\/amazonexpeditionperu.com\/es\/wp-json\/wp\/v2\/media?parent=8239"}],"curies":[{"name":"wp","href":"https:\/\/api.w.org\/{rel}","templated":true}]}}