{"id":8228,"date":"2025-09-08T20:21:50","date_gmt":"2025-09-09T01:21:50","guid":{"rendered":"https:\/\/amazonexpeditionperu.com\/destinations\/"},"modified":"2025-09-11T20:51:15","modified_gmt":"2025-09-12T01:51:15","slug":"destinos","status":"publish","type":"page","link":"https:\/\/amazonexpeditionperu.com\/es\/destinos\/","title":{"rendered":"Destinos"},"content":{"rendered":"<div class=\"wpb-content-wrapper\"><p>[vc_row][vc_column][vc_column_text]<\/p>\r\n<div class=\"wp-block-group is-nowrap is-layout-flex wp-container-core-group-is-layout-ad2f72ca wp-block-group-is-layout-flex\">\u00a0<\/div>\r\n\r\n<p><p>[\/vc_column_text][\/vc_column][\/vc_row][vc_row][vc_column][vc_custom_heading text=\u00bbLos Mejores Destinos del Norte del Per\u00fa\u00bb font_container=\u00bbtag:h2|font_size:43px|text_align:center\u00bb use_theme_fonts=\u00bbyes\u00bb css_animation=\u00bbnone\u00bb css=\u00bb.vc_custom_1757641837470{padding-top: 50px !important;}\u00bb][vc_column_text css=\u00bb.vc_custom_1757641814503{margin-right: 10px !important;margin-left: 10px !important;}\u00bb]<\/p>\n<p style=\"text-align: center;\">El <strong>norte del Per\u00fa<\/strong> es un verdadero tesoro de experiencias inolvidables, donde la historia milenaria, la naturaleza virgen y la cultura vibrante se combinan a la perfecci\u00f3n. Descubre la imponente fortaleza de <strong>Ku\u00e9lap<\/strong> en <strong>Chachapoyas<\/strong>, vive aventuras en la Amazon\u00eda desde <strong>Iquitos<\/strong>, explora cascadas y tours ecol\u00f3gicos en <strong>Tarapoto<\/strong>, y marav\u00edllate con la biodiversidad de la <strong>Reserva Pacaya Samiria<\/strong>. Rel\u00e1jate en las playas v\u00edrgenes de la Costa Norte y visita impresionantes sitios arqueol\u00f3gicos. Ya sea que busques aventura, cultura o naturaleza, nuestros <strong data-start=\"622\" data-end=\"667\">Paquetes Tur\u00edsticos por el Norte del Per\u00fa<\/strong> te ofrecen recuerdos que durar\u00e1n toda la vida.<\/p>\n<p>[\/vc_column_text]<div class=\"widget widget-sidebar \"><div class=\"s-title\"><h2><\/h2><\/div><div class=\"destinations \"><div class=\"row\"><article class=\"location_item one-fourth\"><div><a href=\"https:\/\/amazonexpeditionperu.com\/es\/location\/tarapoto\/\" title=\"Tarapoto\"><figure><img loading=\"lazy\" decoding=\"async\" width=\"400\" height=\"300\" src=\"https:\/\/amazonexpeditionperu.com\/wp-content\/uploads\/2019\/01\/Laguna-Azul-Amazon-Expedition-400x300.jpg\" class=\"attachment-thumbnail size-thumbnail wp-post-image\" alt=\"\" title=\"Laguna Azul - Amazon Expedition\" \/><\/figure><\/a><div class=\"details hide-counts hide-ribbon \"><div class='item-header'><h3><a href=\"https:\/\/amazonexpeditionperu.com\/es\/location\/tarapoto\/\" title=\"Tarapoto\">Tarapoto<\/a><\/h3><\/div><div class='description'><p>La ciudad de <strong>Tarapoto<\/strong> se encuentra en el departamento peruano de San Mart\u00edn. Desde Tarapoto puedes ir en Tours a la Laguna Azul, Cataratas de Ahuashiyacu, Ba\u00f1os Termales San Mateo y Castillo de Lamas, entre tantos otros atractivos tur\u00edsticos de la Amazon\u00eda del Per\u00fa.<\/p>\n<\/div><div class='actions'><a href='https:\/\/amazonexpeditionperu.com\/es\/location\/tarapoto\/' class='gradient-button edit-entity'  data-id='7043'  title='Ver m\u00e1s'>Ver m\u00e1s<\/a><\/div><\/div><!--\/\/details--><a href=\"https:\/\/amazonexpeditionperu.com\/es\/location\/tarapoto\/\" class=\"overlay-link\"><\/a><\/div><\/article><!--\/\/location_item--><article class=\"location_item one-fourth\"><div><a href=\"https:\/\/amazonexpeditionperu.com\/es\/location\/chachapoyas\/\" title=\"Chachapoyas\"><figure><img loading=\"lazy\" decoding=\"async\" width=\"400\" height=\"300\" src=\"https:\/\/amazonexpeditionperu.com\/wp-content\/uploads\/2019\/01\/Destino-Chachapoyas-400x300.jpg\" class=\"attachment-thumbnail size-thumbnail wp-post-image\" alt=\"Amazon Expedition Chachapoyas Peru\" title=\"Amazon Expedition Chachapoyas Peru\" srcset=\"https:\/\/amazonexpeditionperu.com\/wp-content\/uploads\/2019\/01\/Destino-Chachapoyas-400x300.jpg 400w, https:\/\/amazonexpeditionperu.com\/wp-content\/uploads\/2019\/01\/Destino-Chachapoyas-300x225.jpg 300w, https:\/\/amazonexpeditionperu.com\/wp-content\/uploads\/2019\/01\/Destino-Chachapoyas-768x576.jpg 768w, https:\/\/amazonexpeditionperu.com\/wp-content\/uploads\/2019\/01\/Destino-Chachapoyas-600x450.jpg 600w, https:\/\/amazonexpeditionperu.com\/wp-content\/uploads\/2019\/01\/Destino-Chachapoyas.jpg 800w\" sizes=\"auto, (max-width: 400px) 100vw, 400px\" \/><\/figure><\/a><div class=\"details hide-counts hide-ribbon \"><div class='item-header'><h3><a href=\"https:\/\/amazonexpeditionperu.com\/es\/location\/chachapoyas\/\" title=\"Chachapoyas\">Chachapoyas<\/a><\/h3><\/div><div class='description'><p>La ciudad de Chachapoyas es la capital de la regi\u00f3n Amazonas. Fue fundada el 5 de septiembre de 1538 por el conquistador espa\u00f1ol Alonso de Alvarado \"y sus veinte\". La agricultura local incluye el cultivo de ca\u00f1a de az\u00facar, orqu\u00eddeas y caf\u00e9. Se destacan Ku\u00e9lap y Catarata de Gocta.<\/p>\n<\/div><div class='actions'><a href='https:\/\/amazonexpeditionperu.com\/es\/location\/chachapoyas\/' class='gradient-button edit-entity'  data-id='6191'  title='Ver m\u00e1s'>Ver m\u00e1s<\/a><\/div><\/div><!--\/\/details--><a href=\"https:\/\/amazonexpeditionperu.com\/es\/location\/chachapoyas\/\" class=\"overlay-link\"><\/a><\/div><\/article><!--\/\/location_item--><article class=\"location_item one-fourth\"><div><a href=\"https:\/\/amazonexpeditionperu.com\/es\/location\/iquitos\/\" title=\"Iquitos\"><figure><img loading=\"lazy\" decoding=\"async\" width=\"400\" height=\"300\" src=\"https:\/\/amazonexpeditionperu.com\/wp-content\/uploads\/2025\/08\/Tourist-Package-Dolphin-3-400x300.jpg\" class=\"attachment-thumbnail size-thumbnail wp-post-image\" alt=\"\" title=\"Tourist Package Dolphin 3\" \/><\/figure><\/a><div class=\"details hide-counts hide-ribbon \"><div class='item-header'><h3><a href=\"https:\/\/amazonexpeditionperu.com\/es\/location\/iquitos\/\" title=\"Iquitos\">Iquitos<\/a><\/h3><\/div><div class='description'><p>Iquitos, la puerta de entrada a la <strong>Amazon\u00eda<\/strong>. Navega por el majestuoso <strong>r\u00edo Amazonas<\/strong>, observa delfines rosados, explora la <strong>selva tropical<\/strong> y descubre culturas \u00fanicas. Reserva paquetes de tours por la <strong>selva de Iquitos<\/strong>.<\/p>\n<\/div><div class='actions'><a href='https:\/\/amazonexpeditionperu.com\/es\/location\/iquitos\/' class='gradient-button edit-entity'  data-id='8015'  title='Ver m\u00e1s'>Ver m\u00e1s<\/a><\/div><\/div><!--\/\/details--><a href=\"https:\/\/amazonexpeditionperu.com\/es\/location\/iquitos\/\" class=\"overlay-link\"><\/a><\/div><\/article><!--\/\/location_item--><article class=\"location_item one-fourth\"><div><a href=\"https:\/\/amazonexpeditionperu.com\/es\/location\/pacaya-samiria\/\" title=\"Pacaya Samiria\"><figure><img loading=\"lazy\" decoding=\"async\" width=\"400\" height=\"300\" src=\"https:\/\/amazonexpeditionperu.com\/wp-content\/uploads\/2019\/01\/Destino-Pacaya-400x300.jpg\" class=\"attachment-thumbnail size-thumbnail wp-post-image\" alt=\"Expediciones a la Reserva Nacional Pacaya Samiria Norte de Per\u00fa\" title=\"Expediciones a la Reserva Nacional Pacaya Samiria Norte de Per\u00fa\" srcset=\"https:\/\/amazonexpeditionperu.com\/wp-content\/uploads\/2019\/01\/Destino-Pacaya-400x300.jpg 400w, https:\/\/amazonexpeditionperu.com\/wp-content\/uploads\/2019\/01\/Destino-Pacaya-300x225.jpg 300w, https:\/\/amazonexpeditionperu.com\/wp-content\/uploads\/2019\/01\/Destino-Pacaya-768x576.jpg 768w, https:\/\/amazonexpeditionperu.com\/wp-content\/uploads\/2019\/01\/Destino-Pacaya-600x450.jpg 600w, https:\/\/amazonexpeditionperu.com\/wp-content\/uploads\/2019\/01\/Destino-Pacaya.jpg 800w\" sizes=\"auto, (max-width: 400px) 100vw, 400px\" \/><\/figure><\/a><div class=\"details hide-counts hide-ribbon \"><div class='item-header'><h3><a href=\"https:\/\/amazonexpeditionperu.com\/es\/location\/pacaya-samiria\/\" title=\"Pacaya Samiria\">Pacaya Samiria<\/a><\/h3><\/div><div class='description'><p>La <strong>Reserva Nacional Pacaya-Samiria<\/strong> en la regi\u00f3n norte\u00f1a de Loreto de Per\u00fa es el \u00e1rea protegida m\u00e1s grande del Per\u00fa. Alberga la flora, fauna y vida salvaje m\u00e1s coloridas e interesantes del pa\u00eds, y <strong>navegar por el r\u00edo Amazonas<\/strong> es de las experiencias m\u00e1s grandiosas que se pueda tener.<\/p>\n<\/div><div class='actions'><a href='https:\/\/amazonexpeditionperu.com\/es\/location\/pacaya-samiria\/' class='gradient-button edit-entity'  data-id='6192'  title='Ver m\u00e1s'>Ver m\u00e1s<\/a><\/div><\/div><!--\/\/details--><a href=\"https:\/\/amazonexpeditionperu.com\/es\/location\/pacaya-samiria\/\" class=\"overlay-link\"><\/a><\/div><\/article><!--\/\/location_item--><\/div><!--row--><\/div><!--deals--><\/div>[\/vc_column][\/vc_row][vc_row][vc_column][vc_column_text]<\/p>\n<p>\n[\/vc_column_text][\/vc_column][\/vc_row]<\/p><\/div>","protected":false},"excerpt":{"rendered":"<p>[vc_row][vc_column][vc_column_text] \u00a0 [\/vc_column_text][\/vc_column][\/vc_row]<\/p>\n","protected":false},"author":9,"featured_media":7640,"parent":0,"menu_order":0,"comment_status":"closed","ping_status":"closed","template":"","meta":{"footnotes":""},"class_list":["post-8228","page","type-page","status-publish","has-post-thumbnail","hentry"],"yoast_head":"<!-- This site is optimized with the Yoast SEO plugin v26.1.1 - https:\/\/yoast.com\/wordpress\/plugins\/seo\/ -->\n<title>Destinos - Amazon Expedition | Peru<\/title>\n<meta name=\"description\" content=\"El norte del Per\u00fa es un verdadero tesoro de experiencias inolvidables, donde la historia milenaria, la naturaleza virgen y la cultura vibrante se combinan a la perfecci\u00f3n. Descubre la imponente fortaleza de Ku\u00e9lap en Chachapoyas, vive aventuras en la Amazon\u00eda desde Iquitos, explora cascadas y tours ecol\u00f3gicos en Tarapoto, y marav\u00edllate con la biodiversidad de la Reserva Pacaya Samiria. Rel\u00e1jate en las playas v\u00edrgenes de la Costa Norte y visita impresionantes sitios arqueol\u00f3gicos. Ya sea que busques aventura, cultura o naturaleza, nuestros Paquetes Tur\u00edsticos por el Norte del Per\u00fa te ofrecen recuerdos que durar\u00e1n toda la vida.\" \/>\n<meta name=\"robots\" content=\"index, follow, max-snippet:-1, max-image-preview:large, max-video-preview:-1\" \/>\n<link rel=\"canonical\" href=\"https:\/\/amazonexpeditionperu.com\/es\/destinos\/\" \/>\n<meta property=\"og:locale\" content=\"es_ES\" \/>\n<meta property=\"og:type\" content=\"article\" \/>\n<meta property=\"og:title\" content=\"Destinos - Amazon Expedition | Peru\" \/>\n<meta property=\"og:description\" content=\"El norte del Per\u00fa es un verdadero tesoro de experiencias inolvidables, donde la historia milenaria, la naturaleza virgen y la cultura vibrante se combinan a la perfecci\u00f3n. Descubre la imponente fortaleza de Ku\u00e9lap en Chachapoyas, vive aventuras en la Amazon\u00eda desde Iquitos, explora cascadas y tours ecol\u00f3gicos en Tarapoto, y marav\u00edllate con la biodiversidad de la Reserva Pacaya Samiria. Rel\u00e1jate en las playas v\u00edrgenes de la Costa Norte y visita impresionantes sitios arqueol\u00f3gicos. Ya sea que busques aventura, cultura o naturaleza, nuestros Paquetes Tur\u00edsticos por el Norte del Per\u00fa te ofrecen recuerdos que durar\u00e1n toda la vida.\" \/>\n<meta property=\"og:url\" content=\"https:\/\/amazonexpeditionperu.com\/es\/destinos\/\" \/>\n<meta property=\"og:site_name\" content=\"Amazon Expedition | Peru\" \/>\n<meta property=\"article:modified_time\" content=\"2025-09-12T01:51:15+00:00\" \/>\n<meta property=\"og:image\" content=\"https:\/\/amazonexpeditionperu.com\/wp-content\/uploads\/2025\/02\/886153-turistas-en-caral.jpg\" \/>\n\t<meta property=\"og:image:width\" content=\"1000\" \/>\n\t<meta property=\"og:image:height\" content=\"600\" \/>\n\t<meta property=\"og:image:type\" content=\"image\/jpeg\" \/>\n<meta name=\"twitter:card\" content=\"summary_large_image\" \/>\n<meta name=\"twitter:label1\" content=\"Tiempo de lectura\" \/>\n\t<meta name=\"twitter:data1\" content=\"1 minuto\" \/>\n<script type=\"application\/ld+json\" class=\"yoast-schema-graph\">{\"@context\":\"https:\/\/schema.org\",\"@graph\":[{\"@type\":\"WebPage\",\"@id\":\"https:\/\/amazonexpeditionperu.com\/es\/destinos\/\",\"url\":\"https:\/\/amazonexpeditionperu.com\/es\/destinos\/\",\"name\":\"Destinos - Amazon Expedition | Peru\",\"isPartOf\":{\"@id\":\"https:\/\/amazonexpeditionperu.com\/#website\"},\"primaryImageOfPage\":{\"@id\":\"https:\/\/amazonexpeditionperu.com\/es\/destinos\/#primaryimage\"},\"image\":{\"@id\":\"https:\/\/amazonexpeditionperu.com\/es\/destinos\/#primaryimage\"},\"thumbnailUrl\":\"https:\/\/amazonexpeditionperu.com\/wp-content\/uploads\/2025\/02\/886153-turistas-en-caral.jpg\",\"datePublished\":\"2025-09-09T01:21:50+00:00\",\"dateModified\":\"2025-09-12T01:51:15+00:00\",\"description\":\"El norte del Per\u00fa es un verdadero tesoro de experiencias inolvidables, donde la historia milenaria, la naturaleza virgen y la cultura vibrante se combinan a la perfecci\u00f3n. Descubre la imponente fortaleza de Ku\u00e9lap en Chachapoyas, vive aventuras en la Amazon\u00eda desde Iquitos, explora cascadas y tours ecol\u00f3gicos en Tarapoto, y marav\u00edllate con la biodiversidad de la Reserva Pacaya Samiria. Rel\u00e1jate en las playas v\u00edrgenes de la Costa Norte y visita impresionantes sitios arqueol\u00f3gicos. Ya sea que busques aventura, cultura o naturaleza, nuestros Paquetes Tur\u00edsticos por el Norte del Per\u00fa te ofrecen recuerdos que durar\u00e1n toda la vida.\",\"breadcrumb\":{\"@id\":\"https:\/\/amazonexpeditionperu.com\/es\/destinos\/#breadcrumb\"},\"inLanguage\":\"es\",\"potentialAction\":[{\"@type\":\"ReadAction\",\"target\":[\"https:\/\/amazonexpeditionperu.com\/es\/destinos\/\"]}]},{\"@type\":\"ImageObject\",\"inLanguage\":\"es\",\"@id\":\"https:\/\/amazonexpeditionperu.com\/es\/destinos\/#primaryimage\",\"url\":\"https:\/\/amazonexpeditionperu.com\/wp-content\/uploads\/2025\/02\/886153-turistas-en-caral.jpg\",\"contentUrl\":\"https:\/\/amazonexpeditionperu.com\/wp-content\/uploads\/2025\/02\/886153-turistas-en-caral.jpg\",\"width\":1000,\"height\":600},{\"@type\":\"BreadcrumbList\",\"@id\":\"https:\/\/amazonexpeditionperu.com\/es\/destinos\/#breadcrumb\",\"itemListElement\":[{\"@type\":\"ListItem\",\"position\":1,\"name\":\"Home\",\"item\":\"https:\/\/amazonexpeditionperu.com\/es\/\"},{\"@type\":\"ListItem\",\"position\":2,\"name\":\"Destinos\"}]},{\"@type\":\"WebSite\",\"@id\":\"https:\/\/amazonexpeditionperu.com\/#website\",\"url\":\"https:\/\/amazonexpeditionperu.com\/\",\"name\":\"Amazon Expedition | Peru\",\"description\":\"Tour Agency\",\"publisher\":{\"@id\":\"https:\/\/amazonexpeditionperu.com\/#organization\"},\"potentialAction\":[{\"@type\":\"SearchAction\",\"target\":{\"@type\":\"EntryPoint\",\"urlTemplate\":\"https:\/\/amazonexpeditionperu.com\/?s={search_term_string}\"},\"query-input\":{\"@type\":\"PropertyValueSpecification\",\"valueRequired\":true,\"valueName\":\"search_term_string\"}}],\"inLanguage\":\"es\"},{\"@type\":\"Organization\",\"@id\":\"https:\/\/amazonexpeditionperu.com\/#organization\",\"name\":\"Amazon Expedition | Peru\",\"url\":\"https:\/\/amazonexpeditionperu.com\/\",\"logo\":{\"@type\":\"ImageObject\",\"inLanguage\":\"es\",\"@id\":\"https:\/\/amazonexpeditionperu.com\/#\/schema\/logo\/image\/\",\"url\":\"https:\/\/amazonexpeditionperu.com\/wp-content\/uploads\/2021\/03\/logo-amazon-expedition-blanco.png\",\"contentUrl\":\"https:\/\/amazonexpeditionperu.com\/wp-content\/uploads\/2021\/03\/logo-amazon-expedition-blanco.png\",\"width\":297,\"height\":80,\"caption\":\"Amazon Expedition | Peru\"},\"image\":{\"@id\":\"https:\/\/amazonexpeditionperu.com\/#\/schema\/logo\/image\/\"}}]}<\/script>\n<!-- \/ Yoast SEO plugin. -->","yoast_head_json":{"title":"Destinos - Amazon Expedition | Peru","description":"El norte del Per\u00fa es un verdadero tesoro de experiencias inolvidables, donde la historia milenaria, la naturaleza virgen y la cultura vibrante se combinan a la perfecci\u00f3n. Descubre la imponente fortaleza de Ku\u00e9lap en Chachapoyas, vive aventuras en la Amazon\u00eda desde Iquitos, explora cascadas y tours ecol\u00f3gicos en Tarapoto, y marav\u00edllate con la biodiversidad de la Reserva Pacaya Samiria. Rel\u00e1jate en las playas v\u00edrgenes de la Costa Norte y visita impresionantes sitios arqueol\u00f3gicos. Ya sea que busques aventura, cultura o naturaleza, nuestros Paquetes Tur\u00edsticos por el Norte del Per\u00fa te ofrecen recuerdos que durar\u00e1n toda la vida.","robots":{"index":"index","follow":"follow","max-snippet":"max-snippet:-1","max-image-preview":"max-image-preview:large","max-video-preview":"max-video-preview:-1"},"canonical":"https:\/\/amazonexpeditionperu.com\/es\/destinos\/","og_locale":"es_ES","og_type":"article","og_title":"Destinos - Amazon Expedition | Peru","og_description":"El norte del Per\u00fa es un verdadero tesoro de experiencias inolvidables, donde la historia milenaria, la naturaleza virgen y la cultura vibrante se combinan a la perfecci\u00f3n. Descubre la imponente fortaleza de Ku\u00e9lap en Chachapoyas, vive aventuras en la Amazon\u00eda desde Iquitos, explora cascadas y tours ecol\u00f3gicos en Tarapoto, y marav\u00edllate con la biodiversidad de la Reserva Pacaya Samiria. Rel\u00e1jate en las playas v\u00edrgenes de la Costa Norte y visita impresionantes sitios arqueol\u00f3gicos. Ya sea que busques aventura, cultura o naturaleza, nuestros Paquetes Tur\u00edsticos por el Norte del Per\u00fa te ofrecen recuerdos que durar\u00e1n toda la vida.","og_url":"https:\/\/amazonexpeditionperu.com\/es\/destinos\/","og_site_name":"Amazon Expedition | Peru","article_modified_time":"2025-09-12T01:51:15+00:00","og_image":[{"width":1000,"height":600,"url":"https:\/\/amazonexpeditionperu.com\/wp-content\/uploads\/2025\/02\/886153-turistas-en-caral.jpg","type":"image\/jpeg"}],"twitter_card":"summary_large_image","twitter_misc":{"Tiempo de lectura":"1 minuto"},"schema":{"@context":"https:\/\/schema.org","@graph":[{"@type":"WebPage","@id":"https:\/\/amazonexpeditionperu.com\/es\/destinos\/","url":"https:\/\/amazonexpeditionperu.com\/es\/destinos\/","name":"Destinos - Amazon Expedition | Peru","isPartOf":{"@id":"https:\/\/amazonexpeditionperu.com\/#website"},"primaryImageOfPage":{"@id":"https:\/\/amazonexpeditionperu.com\/es\/destinos\/#primaryimage"},"image":{"@id":"https:\/\/amazonexpeditionperu.com\/es\/destinos\/#primaryimage"},"thumbnailUrl":"https:\/\/amazonexpeditionperu.com\/wp-content\/uploads\/2025\/02\/886153-turistas-en-caral.jpg","datePublished":"2025-09-09T01:21:50+00:00","dateModified":"2025-09-12T01:51:15+00:00","description":"El norte del Per\u00fa es un verdadero tesoro de experiencias inolvidables, donde la historia milenaria, la naturaleza virgen y la cultura vibrante se combinan a la perfecci\u00f3n. Descubre la imponente fortaleza de Ku\u00e9lap en Chachapoyas, vive aventuras en la Amazon\u00eda desde Iquitos, explora cascadas y tours ecol\u00f3gicos en Tarapoto, y marav\u00edllate con la biodiversidad de la Reserva Pacaya Samiria. Rel\u00e1jate en las playas v\u00edrgenes de la Costa Norte y visita impresionantes sitios arqueol\u00f3gicos. Ya sea que busques aventura, cultura o naturaleza, nuestros Paquetes Tur\u00edsticos por el Norte del Per\u00fa te ofrecen recuerdos que durar\u00e1n toda la vida.","breadcrumb":{"@id":"https:\/\/amazonexpeditionperu.com\/es\/destinos\/#breadcrumb"},"inLanguage":"es","potentialAction":[{"@type":"ReadAction","target":["https:\/\/amazonexpeditionperu.com\/es\/destinos\/"]}]},{"@type":"ImageObject","inLanguage":"es","@id":"https:\/\/amazonexpeditionperu.com\/es\/destinos\/#primaryimage","url":"https:\/\/amazonexpeditionperu.com\/wp-content\/uploads\/2025\/02\/886153-turistas-en-caral.jpg","contentUrl":"https:\/\/amazonexpeditionperu.com\/wp-content\/uploads\/2025\/02\/886153-turistas-en-caral.jpg","width":1000,"height":600},{"@type":"BreadcrumbList","@id":"https:\/\/amazonexpeditionperu.com\/es\/destinos\/#breadcrumb","itemListElement":[{"@type":"ListItem","position":1,"name":"Home","item":"https:\/\/amazonexpeditionperu.com\/es\/"},{"@type":"ListItem","position":2,"name":"Destinos"}]},{"@type":"WebSite","@id":"https:\/\/amazonexpeditionperu.com\/#website","url":"https:\/\/amazonexpeditionperu.com\/","name":"Amazon Expedition | Peru","description":"Tour Agency","publisher":{"@id":"https:\/\/amazonexpeditionperu.com\/#organization"},"potentialAction":[{"@type":"SearchAction","target":{"@type":"EntryPoint","urlTemplate":"https:\/\/amazonexpeditionperu.com\/?s={search_term_string}"},"query-input":{"@type":"PropertyValueSpecification","valueRequired":true,"valueName":"search_term_string"}}],"inLanguage":"es"},{"@type":"Organization","@id":"https:\/\/amazonexpeditionperu.com\/#organization","name":"Amazon Expedition | Peru","url":"https:\/\/amazonexpeditionperu.com\/","logo":{"@type":"ImageObject","inLanguage":"es","@id":"https:\/\/amazonexpeditionperu.com\/#\/schema\/logo\/image\/","url":"https:\/\/amazonexpeditionperu.com\/wp-content\/uploads\/2021\/03\/logo-amazon-expedition-blanco.png","contentUrl":"https:\/\/amazonexpeditionperu.com\/wp-content\/uploads\/2021\/03\/logo-amazon-expedition-blanco.png","width":297,"height":80,"caption":"Amazon Expedition | Peru"},"image":{"@id":"https:\/\/amazonexpeditionperu.com\/#\/schema\/logo\/image\/"}}]}},"_links":{"self":[{"href":"https:\/\/amazonexpeditionperu.com\/es\/wp-json\/wp\/v2\/pages\/8228","targetHints":{"allow":["GET"]}}],"collection":[{"href":"https:\/\/amazonexpeditionperu.com\/es\/wp-json\/wp\/v2\/pages"}],"about":[{"href":"https:\/\/amazonexpeditionperu.com\/es\/wp-json\/wp\/v2\/types\/page"}],"author":[{"embeddable":true,"href":"https:\/\/amazonexpeditionperu.com\/es\/wp-json\/wp\/v2\/users\/9"}],"replies":[{"embeddable":true,"href":"https:\/\/amazonexpeditionperu.com\/es\/wp-json\/wp\/v2\/comments?post=8228"}],"version-history":[{"count":3,"href":"https:\/\/amazonexpeditionperu.com\/es\/wp-json\/wp\/v2\/pages\/8228\/revisions"}],"predecessor-version":[{"id":8301,"href":"https:\/\/amazonexpeditionperu.com\/es\/wp-json\/wp\/v2\/pages\/8228\/revisions\/8301"}],"wp:featuredmedia":[{"embeddable":true,"href":"https:\/\/amazonexpeditionperu.com\/es\/wp-json\/wp\/v2\/media\/7640"}],"wp:attachment":[{"href":"https:\/\/amazonexpeditionperu.com\/es\/wp-json\/wp\/v2\/media?parent=8228"}],"curies":[{"name":"wp","href":"https:\/\/api.w.org\/{rel}","templated":true}]}}