{"id":7127,"date":"2022-11-24T23:30:53","date_gmt":"2022-11-25T04:30:53","guid":{"rendered":"https:\/\/amazonexpeditionperu.com\/?page_id=7127"},"modified":"2025-09-11T15:41:08","modified_gmt":"2025-09-11T20:41:08","slug":"paquetes-turisticos-tarapoto","status":"publish","type":"page","link":"https:\/\/amazonexpeditionperu.com\/es\/paquetes-turisticos-tarapoto\/","title":{"rendered":"Paquetes Tur\u00edsticos Tarapoto"},"content":{"rendered":"<div class=\"wpb-content-wrapper\"><p>[vc_row][vc_column][vc_column_text css=\u00bb\u00bb]<\/p>\n<div class=\"one withsmallpadding ppb_header \">\n<div class=\"standard_wrapper\">\n<div class=\"page_content_wrapper\">\n<div class=\"inner\">\n<div>\n<h1 class=\"ppb_title\" style=\"text-align: center;\">Reserva los Mejores Tours a Tarapoto<\/h1>\n<div class=\"ppb_header_content\">\n<p style=\"text-align: center;\">Somos una empresa dedicada al turismo especializada en <strong>Tours y Paquetes Tur\u00edsticos en Tarapoto<\/strong> y en toda la Regi\u00f3n de San Martin. Combina tours y hotel en Tarapoto con grandes ofertas. Vive una gran aventura en Tarapoto, disfrutando de los mejores <strong>Tours a Laguna Azul<\/strong>, <strong>Tours a Catarata de Ahuashiyacu<\/strong>, <strong>Tours a Castillo de Lamas<\/strong>, <strong>Tours a Valle del Alto Mayo<\/strong> y m\u00e1s. Creamos viajes personalizados para clientes como usted que est\u00e9n interesados \u200b\u200ben conocer la <strong>Amazon\u00eda del Per\u00fa<\/strong>.<\/p>\n<\/div>\n<\/div>\n<\/div>\n<\/div>\n<\/div>\n<\/div>\n<p>[\/vc_column_text][\/vc_column][\/vc_row]<\/p>\n<\/div>","protected":false},"excerpt":{"rendered":"<p>[vc_row][vc_column][vc_column_text css=\u00bb\u00bb] Reserva los Mejores Tours a Tarapoto Somos una empresa dedicada al turismo especializada en Tours y Paquetes Tur\u00edsticos en Tarapoto y en toda la Regi\u00f3n de San Martin. Combina tours y hotel en Tarapoto con grandes ofertas. Vive una gran aventura en Tarapoto, disfrutando de los mejores Tours a Laguna Azul, Tours a [&hellip;]<\/p>\n","protected":false},"author":9,"featured_media":7023,"parent":0,"menu_order":0,"comment_status":"closed","ping_status":"closed","template":"page-tour-list.php","meta":{"footnotes":""},"class_list":["post-7127","page","type-page","status-publish","has-post-thumbnail","hentry"],"yoast_head":"<!-- This site is optimized with the Yoast SEO plugin v26.1.1 - https:\/\/yoast.com\/wordpress\/plugins\/seo\/ -->\n<title>Reservar Paquetes Tur\u00edsticos a Tarapoto | Amazonas Per\u00fa<\/title>\n<meta name=\"description\" content=\"\u00bfBuscas reservar Paquetes Tur\u00edsticos a Tarapoto? Te ofrecemos tour en la Amazon\u00eda de Per\u00fa. Los mejores tours en el Norte de Per\u00fa.\" \/>\n<meta name=\"robots\" content=\"index, follow, max-snippet:-1, max-image-preview:large, max-video-preview:-1\" \/>\n<link rel=\"canonical\" href=\"https:\/\/amazonexpeditionperu.com\/es\/paquetes-turisticos-tarapoto\/\" \/>\n<meta property=\"og:locale\" content=\"es_ES\" \/>\n<meta property=\"og:type\" content=\"article\" \/>\n<meta property=\"og:title\" content=\"\u00bfBuscas Paquetes Tur\u00edsticos a Tarapoto? \u2708\ufe0f\" \/>\n<meta property=\"og:description\" content=\"Reserva los mejores tours en la Amazon\u00eda del Per\u00fa.\" \/>\n<meta property=\"og:url\" content=\"https:\/\/amazonexpeditionperu.com\/es\/paquetes-turisticos-tarapoto\/\" \/>\n<meta property=\"og:site_name\" content=\"Amazon Expedition | Peru\" \/>\n<meta property=\"article:modified_time\" content=\"2025-09-11T20:41:08+00:00\" \/>\n<meta property=\"og:image\" content=\"https:\/\/amazonexpeditionperu.com\/wp-content\/uploads\/2022\/11\/Laguna-Azul-en-Tarapoto-Amazon-Expedition.jpg\" \/>\n\t<meta property=\"og:image:width\" content=\"800\" \/>\n\t<meta property=\"og:image:height\" content=\"600\" \/>\n\t<meta property=\"og:image:type\" content=\"image\/jpeg\" \/>\n<meta name=\"twitter:card\" content=\"summary_large_image\" \/>\n<meta name=\"twitter:label1\" content=\"Tiempo de lectura\" \/>\n\t<meta name=\"twitter:data1\" content=\"1 minuto\" \/>\n<script type=\"application\/ld+json\" class=\"yoast-schema-graph\">{\"@context\":\"https:\/\/schema.org\",\"@graph\":[{\"@type\":\"WebPage\",\"@id\":\"https:\/\/amazonexpeditionperu.com\/es\/paquetes-turisticos-tarapoto\/\",\"url\":\"https:\/\/amazonexpeditionperu.com\/es\/paquetes-turisticos-tarapoto\/\",\"name\":\"Reservar Paquetes Tur\u00edsticos a Tarapoto | Amazonas Per\u00fa\",\"isPartOf\":{\"@id\":\"https:\/\/amazonexpeditionperu.com\/#website\"},\"primaryImageOfPage\":{\"@id\":\"https:\/\/amazonexpeditionperu.com\/es\/paquetes-turisticos-tarapoto\/#primaryimage\"},\"image\":{\"@id\":\"https:\/\/amazonexpeditionperu.com\/es\/paquetes-turisticos-tarapoto\/#primaryimage\"},\"thumbnailUrl\":\"https:\/\/amazonexpeditionperu.com\/wp-content\/uploads\/2022\/11\/Banner-Laguna-Azul-Tarapoto-Amazon-Expedition.jpg\",\"datePublished\":\"2022-11-25T04:30:53+00:00\",\"dateModified\":\"2025-09-11T20:41:08+00:00\",\"description\":\"\u00bfBuscas reservar Paquetes Tur\u00edsticos a Tarapoto? Te ofrecemos tour en la Amazon\u00eda de Per\u00fa. Los mejores tours en el Norte de Per\u00fa.\",\"breadcrumb\":{\"@id\":\"https:\/\/amazonexpeditionperu.com\/es\/paquetes-turisticos-tarapoto\/#breadcrumb\"},\"inLanguage\":\"es\",\"potentialAction\":[{\"@type\":\"ReadAction\",\"target\":[\"https:\/\/amazonexpeditionperu.com\/es\/paquetes-turisticos-tarapoto\/\"]}]},{\"@type\":\"ImageObject\",\"inLanguage\":\"es\",\"@id\":\"https:\/\/amazonexpeditionperu.com\/es\/paquetes-turisticos-tarapoto\/#primaryimage\",\"url\":\"https:\/\/amazonexpeditionperu.com\/wp-content\/uploads\/2022\/11\/Banner-Laguna-Azul-Tarapoto-Amazon-Expedition.jpg\",\"contentUrl\":\"https:\/\/amazonexpeditionperu.com\/wp-content\/uploads\/2022\/11\/Banner-Laguna-Azul-Tarapoto-Amazon-Expedition.jpg\",\"width\":1440,\"height\":550,\"caption\":\"Laguna Azul - Tarapoto - Amazon Expedition\"},{\"@type\":\"BreadcrumbList\",\"@id\":\"https:\/\/amazonexpeditionperu.com\/es\/paquetes-turisticos-tarapoto\/#breadcrumb\",\"itemListElement\":[{\"@type\":\"ListItem\",\"position\":1,\"name\":\"Home\",\"item\":\"https:\/\/amazonexpeditionperu.com\/es\/\"},{\"@type\":\"ListItem\",\"position\":2,\"name\":\"Paquetes Tur\u00edsticos Tarapoto\"}]},{\"@type\":\"WebSite\",\"@id\":\"https:\/\/amazonexpeditionperu.com\/#website\",\"url\":\"https:\/\/amazonexpeditionperu.com\/\",\"name\":\"Amazon Expedition | Peru\",\"description\":\"Tour Agency\",\"publisher\":{\"@id\":\"https:\/\/amazonexpeditionperu.com\/#organization\"},\"potentialAction\":[{\"@type\":\"SearchAction\",\"target\":{\"@type\":\"EntryPoint\",\"urlTemplate\":\"https:\/\/amazonexpeditionperu.com\/?s={search_term_string}\"},\"query-input\":{\"@type\":\"PropertyValueSpecification\",\"valueRequired\":true,\"valueName\":\"search_term_string\"}}],\"inLanguage\":\"es\"},{\"@type\":\"Organization\",\"@id\":\"https:\/\/amazonexpeditionperu.com\/#organization\",\"name\":\"Amazon Expedition | Peru\",\"url\":\"https:\/\/amazonexpeditionperu.com\/\",\"logo\":{\"@type\":\"ImageObject\",\"inLanguage\":\"es\",\"@id\":\"https:\/\/amazonexpeditionperu.com\/#\/schema\/logo\/image\/\",\"url\":\"https:\/\/amazonexpeditionperu.com\/wp-content\/uploads\/2021\/03\/logo-amazon-expedition-blanco.png\",\"contentUrl\":\"https:\/\/amazonexpeditionperu.com\/wp-content\/uploads\/2021\/03\/logo-amazon-expedition-blanco.png\",\"width\":297,\"height\":80,\"caption\":\"Amazon Expedition | Peru\"},\"image\":{\"@id\":\"https:\/\/amazonexpeditionperu.com\/#\/schema\/logo\/image\/\"}}]}<\/script>\n<!-- \/ Yoast SEO plugin. -->","yoast_head_json":{"title":"Reservar Paquetes Tur\u00edsticos a Tarapoto | Amazonas Per\u00fa","description":"\u00bfBuscas reservar Paquetes Tur\u00edsticos a Tarapoto? Te ofrecemos tour en la Amazon\u00eda de Per\u00fa. Los mejores tours en el Norte de Per\u00fa.","robots":{"index":"index","follow":"follow","max-snippet":"max-snippet:-1","max-image-preview":"max-image-preview:large","max-video-preview":"max-video-preview:-1"},"canonical":"https:\/\/amazonexpeditionperu.com\/es\/paquetes-turisticos-tarapoto\/","og_locale":"es_ES","og_type":"article","og_title":"\u00bfBuscas Paquetes Tur\u00edsticos a Tarapoto? \u2708\ufe0f","og_description":"Reserva los mejores tours en la Amazon\u00eda del Per\u00fa.","og_url":"https:\/\/amazonexpeditionperu.com\/es\/paquetes-turisticos-tarapoto\/","og_site_name":"Amazon Expedition | Peru","article_modified_time":"2025-09-11T20:41:08+00:00","og_image":[{"width":800,"height":600,"url":"https:\/\/amazonexpeditionperu.com\/wp-content\/uploads\/2022\/11\/Laguna-Azul-en-Tarapoto-Amazon-Expedition.jpg","type":"image\/jpeg"}],"twitter_card":"summary_large_image","twitter_misc":{"Tiempo de lectura":"1 minuto"},"schema":{"@context":"https:\/\/schema.org","@graph":[{"@type":"WebPage","@id":"https:\/\/amazonexpeditionperu.com\/es\/paquetes-turisticos-tarapoto\/","url":"https:\/\/amazonexpeditionperu.com\/es\/paquetes-turisticos-tarapoto\/","name":"Reservar Paquetes Tur\u00edsticos a Tarapoto | Amazonas Per\u00fa","isPartOf":{"@id":"https:\/\/amazonexpeditionperu.com\/#website"},"primaryImageOfPage":{"@id":"https:\/\/amazonexpeditionperu.com\/es\/paquetes-turisticos-tarapoto\/#primaryimage"},"image":{"@id":"https:\/\/amazonexpeditionperu.com\/es\/paquetes-turisticos-tarapoto\/#primaryimage"},"thumbnailUrl":"https:\/\/amazonexpeditionperu.com\/wp-content\/uploads\/2022\/11\/Banner-Laguna-Azul-Tarapoto-Amazon-Expedition.jpg","datePublished":"2022-11-25T04:30:53+00:00","dateModified":"2025-09-11T20:41:08+00:00","description":"\u00bfBuscas reservar Paquetes Tur\u00edsticos a Tarapoto? Te ofrecemos tour en la Amazon\u00eda de Per\u00fa. Los mejores tours en el Norte de Per\u00fa.","breadcrumb":{"@id":"https:\/\/amazonexpeditionperu.com\/es\/paquetes-turisticos-tarapoto\/#breadcrumb"},"inLanguage":"es","potentialAction":[{"@type":"ReadAction","target":["https:\/\/amazonexpeditionperu.com\/es\/paquetes-turisticos-tarapoto\/"]}]},{"@type":"ImageObject","inLanguage":"es","@id":"https:\/\/amazonexpeditionperu.com\/es\/paquetes-turisticos-tarapoto\/#primaryimage","url":"https:\/\/amazonexpeditionperu.com\/wp-content\/uploads\/2022\/11\/Banner-Laguna-Azul-Tarapoto-Amazon-Expedition.jpg","contentUrl":"https:\/\/amazonexpeditionperu.com\/wp-content\/uploads\/2022\/11\/Banner-Laguna-Azul-Tarapoto-Amazon-Expedition.jpg","width":1440,"height":550,"caption":"Laguna Azul - Tarapoto - Amazon Expedition"},{"@type":"BreadcrumbList","@id":"https:\/\/amazonexpeditionperu.com\/es\/paquetes-turisticos-tarapoto\/#breadcrumb","itemListElement":[{"@type":"ListItem","position":1,"name":"Home","item":"https:\/\/amazonexpeditionperu.com\/es\/"},{"@type":"ListItem","position":2,"name":"Paquetes Tur\u00edsticos Tarapoto"}]},{"@type":"WebSite","@id":"https:\/\/amazonexpeditionperu.com\/#website","url":"https:\/\/amazonexpeditionperu.com\/","name":"Amazon Expedition | Peru","description":"Tour Agency","publisher":{"@id":"https:\/\/amazonexpeditionperu.com\/#organization"},"potentialAction":[{"@type":"SearchAction","target":{"@type":"EntryPoint","urlTemplate":"https:\/\/amazonexpeditionperu.com\/?s={search_term_string}"},"query-input":{"@type":"PropertyValueSpecification","valueRequired":true,"valueName":"search_term_string"}}],"inLanguage":"es"},{"@type":"Organization","@id":"https:\/\/amazonexpeditionperu.com\/#organization","name":"Amazon Expedition | Peru","url":"https:\/\/amazonexpeditionperu.com\/","logo":{"@type":"ImageObject","inLanguage":"es","@id":"https:\/\/amazonexpeditionperu.com\/#\/schema\/logo\/image\/","url":"https:\/\/amazonexpeditionperu.com\/wp-content\/uploads\/2021\/03\/logo-amazon-expedition-blanco.png","contentUrl":"https:\/\/amazonexpeditionperu.com\/wp-content\/uploads\/2021\/03\/logo-amazon-expedition-blanco.png","width":297,"height":80,"caption":"Amazon Expedition | Peru"},"image":{"@id":"https:\/\/amazonexpeditionperu.com\/#\/schema\/logo\/image\/"}}]}},"_links":{"self":[{"href":"https:\/\/amazonexpeditionperu.com\/es\/wp-json\/wp\/v2\/pages\/7127","targetHints":{"allow":["GET"]}}],"collection":[{"href":"https:\/\/amazonexpeditionperu.com\/es\/wp-json\/wp\/v2\/pages"}],"about":[{"href":"https:\/\/amazonexpeditionperu.com\/es\/wp-json\/wp\/v2\/types\/page"}],"author":[{"embeddable":true,"href":"https:\/\/amazonexpeditionperu.com\/es\/wp-json\/wp\/v2\/users\/9"}],"replies":[{"embeddable":true,"href":"https:\/\/amazonexpeditionperu.com\/es\/wp-json\/wp\/v2\/comments?post=7127"}],"version-history":[{"count":5,"href":"https:\/\/amazonexpeditionperu.com\/es\/wp-json\/wp\/v2\/pages\/7127\/revisions"}],"predecessor-version":[{"id":8274,"href":"https:\/\/amazonexpeditionperu.com\/es\/wp-json\/wp\/v2\/pages\/7127\/revisions\/8274"}],"wp:featuredmedia":[{"embeddable":true,"href":"https:\/\/amazonexpeditionperu.com\/es\/wp-json\/wp\/v2\/media\/7023"}],"wp:attachment":[{"href":"https:\/\/amazonexpeditionperu.com\/es\/wp-json\/wp\/v2\/media?parent=7127"}],"curies":[{"name":"wp","href":"https:\/\/api.w.org\/{rel}","templated":true}]}}