{"id":6076,"date":"2020-03-14T00:20:38","date_gmt":"2020-03-14T00:20:38","guid":{"rendered":"https:\/\/amazonexpeditionperu.com\/book-tours-to-the-amazon-rainforest-of-peru\/"},"modified":"2024-04-30T16:34:22","modified_gmt":"2024-04-30T21:34:22","slug":"tours-reserva-nacional-pacaya-samiria","status":"publish","type":"page","link":"https:\/\/amazonexpeditionperu.com\/es\/tours-reserva-nacional-pacaya-samiria\/","title":{"rendered":"Tours Reserva Nacional Pacaya Samiria"},"content":{"rendered":"<div class=\"wpb-content-wrapper\"><p>[vc_row][vc_column][vc_column_text]<\/p>\n<h1 style=\"text-align: center;\">Reserva Nacional Pacaya-Samiria, Per\u00fa<\/h1>\n<p style=\"text-align: center;\">La <strong>Reserva Nacional Pacaya-Samiria<\/strong>, es un \u00e1rea protegida ubicada en la Regi\u00f3n de Loreto, <strong>Amazon\u00eda de Per\u00fa<\/strong>. Protege un \u00e1rea de colinas bajas y bosques inundables estacionalmente en la <strong>selva amaz\u00f3nica<\/strong>. La Reserva Nacional Pacaya-Samiria y la cercana Reserva Tamshiyacu-Tahuayo forman un punto cr\u00edtico de biodiversidad en la selva amaz\u00f3nica en Per\u00fa.<\/p>\n<p>[\/vc_column_text][vc_row_inner][vc_column_inner width=\u00bb1\/2&#8243;][vc_single_image image=\u00bb6635&#8243;][\/vc_column_inner][vc_column_inner width=\u00bb1\/2&#8243;][vc_single_image image=\u00bb6610&#8243;][\/vc_column_inner][\/vc_row_inner][vc_column_text]<\/p>\n<h1><\/h1>\n<h1 class=\"ppb_title\" style=\"text-align: center;\">Tours Reserva Nacional Pacaya Samiria<\/h1>\n<div class=\"ppb_header_content\">\n<p style=\"text-align: center;\">\u00a1Nuestros <strong>Tours por el Amazonas de Per\u00fa<\/strong> son geniales para el viajero aventurero! Si ha realizado alg\u00fan tipo de investigaci\u00f3n en Per\u00fa, seguramente habr\u00e1 le\u00eddo sobre la selva amaz\u00f3nica y todas las culturas, plantas ex\u00f3ticas y vida silvestre que es el hogar de. Nuestro hermoso pa\u00eds tiene la suerte de contener una gran parte de la Amazon\u00eda y nos encantar\u00eda compartir algunas de sus mejores partes con usted. Los <strong>Tours en la Selva de Per\u00fa<\/strong> le dar\u00e1 la oportunidad de embarcar a lo largo de r\u00edos remotos, caminar a trav\u00e9s de la jungla, aprender sobre plantas medicinales, observar la fauna ex\u00f3tica, comer comidas tradicionales y mucho m\u00e1s. Desde viajar a lo largo de los r\u00edos que alimentan el famoso <strong>R\u00edo Amazonas<\/strong>, hasta visitar peque\u00f1os pueblos selv\u00e1ticos y grandes ciudades selv\u00e1ticas como <strong>Tarapoto e Iquitos<\/strong>, estas expediciones seguramente te deleitar\u00e1n. Eche un vistazo a nuestras excursiones est\u00e1ndar a continuaci\u00f3n y p\u00f3ngase en contacto con nosotros si tiene alguna pregunta. Las mejores <strong>Expediciones a la Amazon\u00eda del Per\u00fa<\/strong>.<\/p>\n<\/div>\n<p>[\/vc_column_text][vc_column_text]<\/p>\n<h2 class=\"ppb_title\">Tours Reserva Nacional Pacaya Samiria | Precios y Reservas<\/h2>\n<p>Paquetes y Tours a Pacaya-Samiria (Selva de Per\u00fa):<\/p>\n<ul>\n<li><a title=\"13D\/12N Tours Reserva Nacional Pacaya Samiria\" href=\"https:\/\/amazonexpeditionperu.com\/es\/tour\/13d-12n-tours-reserva-nacional-pacaya-samiria\/\">13D\/12N Tours Reserva Nacional Pacaya Samiria<\/a><\/li>\n<li><a title=\"8D\/7N Tours Pacaya Samiria desde Tarapoto\" href=\"https:\/\/amazonexpeditionperu.com\/es\/tour\/8d-7n-tour-reserva-nacional-pacaya-samiria-desde-tarapoto\/\">8D\/7N Tours Pacaya Samiria desde Tarapoto<\/a><\/li>\n<li><a title=\"6D\/5N Tours Reserva Nacional Pacaya Samiria\" href=\"https:\/\/amazonexpeditionperu.com\/es\/tour\/6d-5n-tours-reserva-nacional-pacaya-samiria-clasico\/\">6D\/5N Tours Reserva Nacional Pacaya Samiria<\/a><\/li>\n<li><a title=\"3D\/3N Tours Reserva Nacional Pacaya Samiria\" href=\"https:\/\/amazonexpeditionperu.com\/es\/tour\/3d-3n-tours-reserva-nacional-pacaya-samiria\/\">3D\/3N Tours Reserva Nacional Pacaya Samiria<\/a><\/li>\n<\/ul>\n<p>[\/vc_column_text][vc_raw_html css=\u00bb\u00bb]JTNDaWZyYW1lJTIwc3JjJTNEJTIyaHR0cHMlM0ElMkYlMkZ3d3cuZ29vZ2xlLmNvbSUyRm1hcHMlMkZlbWJlZCUzRnBiJTNEJTIxMW0xOCUyMTFtMTIlMjExbTMlMjExZDgxMjcyNTkuNjYxNDQyMTM4JTIxMmQtODAuMDA0NTU1MzM5MzMzNTklMjEzZC01Ljk0MTA3MjQ0MTY2MDgzMjUlMjEybTMlMjExZjAlMjEyZjAlMjEzZjAlMjEzbTIlMjExaTEwMjQlMjEyaTc2OCUyMTRmMTMuMSUyMTNtMyUyMTFtMiUyMTFzMHg5MWJmM2VkYzRiYzA5Y2NkJTI1M0EweDdmNGY3NmU4MDg1ZTE5MjQlMjEyc1Jlc2VydmElMjUyME5hY2lvbmFsJTI1MjBQYWNheWElMjUyMFNhbWlyaWElMjE1ZTAlMjEzbTIlMjExc2VzLTQxOSUyMTJzYXIlMjE0djE3MTQ1MTI2Nzk4NzUlMjE1bTIlMjExc2VzLTQxOSUyMTJzYXIlMjIlMjB3aWR0aCUzRCUyMjYwMCUyMiUyMGhlaWdodCUzRCUyMjQ1MCUyMiUyMHN0eWxlJTNEJTIyYm9yZGVyJTNBMCUzQiUyMiUyMGFsbG93ZnVsbHNjcmVlbiUzRCUyMiUyMiUyMGxvYWRpbmclM0QlMjJsYXp5JTIyJTIwcmVmZXJyZXJwb2xpY3klM0QlMjJuby1yZWZlcnJlci13aGVuLWRvd25ncmFkZSUyMiUzRSUzQyUyRmlmcmFtZSUzRQ==[\/vc_raw_html][vc_column_text]<\/p>\n<h2 class=\"ppb_title\">Reserva ahora Tours a la Reserva Nacional Pacaya Samiria<\/h2>\n<p>[\/vc_column_text][\/vc_column][\/vc_row]<\/p>\n<\/div>","protected":false},"excerpt":{"rendered":"<p>[vc_row][vc_column][vc_column_text] Reserva Nacional Pacaya-Samiria, Per\u00fa La Reserva Nacional Pacaya-Samiria, es un \u00e1rea protegida ubicada en la Regi\u00f3n de Loreto, Amazon\u00eda de Per\u00fa. Protege un \u00e1rea de colinas bajas y bosques inundables estacionalmente en la selva amaz\u00f3nica. La Reserva Nacional Pacaya-Samiria y la cercana Reserva Tamshiyacu-Tahuayo forman un punto cr\u00edtico de biodiversidad en la selva amaz\u00f3nica [&hellip;]<\/p>\n","protected":false},"author":9,"featured_media":4239,"parent":0,"menu_order":0,"comment_status":"closed","ping_status":"closed","template":"page-tour-list.php","meta":{"footnotes":""},"class_list":["post-6076","page","type-page","status-publish","has-post-thumbnail","hentry"],"yoast_head":"<!-- This site is optimized with the Yoast SEO plugin v26.1.1 - https:\/\/yoast.com\/wordpress\/plugins\/seo\/ -->\n<title>Tours Reserva Nacional Pacaya-Samiria | Amazon\u00eda del Per\u00fa<\/title>\n<meta name=\"description\" content=\"Excursiones a Reserva Nacional Pacaya-Samiria. Vive de una experiencia completa en la selva amaz\u00f3nica de Per\u00fa. Precios y reservas.\" \/>\n<meta name=\"robots\" content=\"index, follow, max-snippet:-1, max-image-preview:large, max-video-preview:-1\" \/>\n<link rel=\"canonical\" href=\"https:\/\/amazonexpeditionperu.com\/es\/tours-reserva-nacional-pacaya-samiria\/\" \/>\n<meta property=\"og:locale\" content=\"es_ES\" \/>\n<meta property=\"og:type\" content=\"article\" \/>\n<meta property=\"og:title\" content=\"Reserva Tours en la Amazon\u00eda de Per\u00fa\" \/>\n<meta property=\"og:description\" content=\"Reserva de Excursiones a Pacaya Samiria.\" \/>\n<meta property=\"og:url\" content=\"https:\/\/amazonexpeditionperu.com\/es\/tours-reserva-nacional-pacaya-samiria\/\" \/>\n<meta property=\"og:site_name\" content=\"Amazon Expedition | Peru\" \/>\n<meta property=\"article:modified_time\" content=\"2024-04-30T21:34:22+00:00\" \/>\n<meta property=\"og:image\" content=\"https:\/\/amazonexpeditionperu.com\/wp-content\/uploads\/2020\/03\/pacaya-samiria-peru.jpg\" \/>\n\t<meta property=\"og:image:width\" content=\"800\" \/>\n\t<meta property=\"og:image:height\" content=\"600\" \/>\n\t<meta property=\"og:image:type\" content=\"image\/jpeg\" \/>\n<meta name=\"twitter:card\" content=\"summary_large_image\" \/>\n<meta name=\"twitter:label1\" content=\"Tiempo de lectura\" \/>\n\t<meta name=\"twitter:data1\" content=\"2 minutos\" \/>\n<script type=\"application\/ld+json\" class=\"yoast-schema-graph\">{\"@context\":\"https:\/\/schema.org\",\"@graph\":[{\"@type\":\"WebPage\",\"@id\":\"https:\/\/amazonexpeditionperu.com\/es\/tours-reserva-nacional-pacaya-samiria\/\",\"url\":\"https:\/\/amazonexpeditionperu.com\/es\/tours-reserva-nacional-pacaya-samiria\/\",\"name\":\"Tours Reserva Nacional Pacaya-Samiria | Amazon\u00eda del Per\u00fa\",\"isPartOf\":{\"@id\":\"https:\/\/amazonexpeditionperu.com\/#website\"},\"primaryImageOfPage\":{\"@id\":\"https:\/\/amazonexpeditionperu.com\/es\/tours-reserva-nacional-pacaya-samiria\/#primaryimage\"},\"image\":{\"@id\":\"https:\/\/amazonexpeditionperu.com\/es\/tours-reserva-nacional-pacaya-samiria\/#primaryimage\"},\"thumbnailUrl\":\"https:\/\/amazonexpeditionperu.com\/wp-content\/uploads\/2020\/03\/banner-pacaya.jpg\",\"datePublished\":\"2020-03-14T00:20:38+00:00\",\"dateModified\":\"2024-04-30T21:34:22+00:00\",\"description\":\"Excursiones a Reserva Nacional Pacaya-Samiria. Vive de una experiencia completa en la selva amaz\u00f3nica de Per\u00fa. Precios y reservas.\",\"breadcrumb\":{\"@id\":\"https:\/\/amazonexpeditionperu.com\/es\/tours-reserva-nacional-pacaya-samiria\/#breadcrumb\"},\"inLanguage\":\"es\",\"potentialAction\":[{\"@type\":\"ReadAction\",\"target\":[\"https:\/\/amazonexpeditionperu.com\/es\/tours-reserva-nacional-pacaya-samiria\/\"]}]},{\"@type\":\"ImageObject\",\"inLanguage\":\"es\",\"@id\":\"https:\/\/amazonexpeditionperu.com\/es\/tours-reserva-nacional-pacaya-samiria\/#primaryimage\",\"url\":\"https:\/\/amazonexpeditionperu.com\/wp-content\/uploads\/2020\/03\/banner-pacaya.jpg\",\"contentUrl\":\"https:\/\/amazonexpeditionperu.com\/wp-content\/uploads\/2020\/03\/banner-pacaya.jpg\",\"width\":1440,\"height\":550,\"caption\":\"Expediciones a la Reserva Nacional Pacaya Samiria Norte de Per\u00fa\"},{\"@type\":\"BreadcrumbList\",\"@id\":\"https:\/\/amazonexpeditionperu.com\/es\/tours-reserva-nacional-pacaya-samiria\/#breadcrumb\",\"itemListElement\":[{\"@type\":\"ListItem\",\"position\":1,\"name\":\"Home\",\"item\":\"https:\/\/amazonexpeditionperu.com\/es\/\"},{\"@type\":\"ListItem\",\"position\":2,\"name\":\"Tours Reserva Nacional Pacaya Samiria\"}]},{\"@type\":\"WebSite\",\"@id\":\"https:\/\/amazonexpeditionperu.com\/#website\",\"url\":\"https:\/\/amazonexpeditionperu.com\/\",\"name\":\"Amazon Expedition | Peru\",\"description\":\"Tour Agency\",\"publisher\":{\"@id\":\"https:\/\/amazonexpeditionperu.com\/#organization\"},\"potentialAction\":[{\"@type\":\"SearchAction\",\"target\":{\"@type\":\"EntryPoint\",\"urlTemplate\":\"https:\/\/amazonexpeditionperu.com\/?s={search_term_string}\"},\"query-input\":{\"@type\":\"PropertyValueSpecification\",\"valueRequired\":true,\"valueName\":\"search_term_string\"}}],\"inLanguage\":\"es\"},{\"@type\":\"Organization\",\"@id\":\"https:\/\/amazonexpeditionperu.com\/#organization\",\"name\":\"Amazon Expedition | Peru\",\"url\":\"https:\/\/amazonexpeditionperu.com\/\",\"logo\":{\"@type\":\"ImageObject\",\"inLanguage\":\"es\",\"@id\":\"https:\/\/amazonexpeditionperu.com\/#\/schema\/logo\/image\/\",\"url\":\"https:\/\/amazonexpeditionperu.com\/wp-content\/uploads\/2021\/03\/logo-amazon-expedition-blanco.png\",\"contentUrl\":\"https:\/\/amazonexpeditionperu.com\/wp-content\/uploads\/2021\/03\/logo-amazon-expedition-blanco.png\",\"width\":297,\"height\":80,\"caption\":\"Amazon Expedition | Peru\"},\"image\":{\"@id\":\"https:\/\/amazonexpeditionperu.com\/#\/schema\/logo\/image\/\"}}]}<\/script>\n<!-- \/ Yoast SEO plugin. -->","yoast_head_json":{"title":"Tours Reserva Nacional Pacaya-Samiria | Amazon\u00eda del Per\u00fa","description":"Excursiones a Reserva Nacional Pacaya-Samiria. Vive de una experiencia completa en la selva amaz\u00f3nica de Per\u00fa. Precios y reservas.","robots":{"index":"index","follow":"follow","max-snippet":"max-snippet:-1","max-image-preview":"max-image-preview:large","max-video-preview":"max-video-preview:-1"},"canonical":"https:\/\/amazonexpeditionperu.com\/es\/tours-reserva-nacional-pacaya-samiria\/","og_locale":"es_ES","og_type":"article","og_title":"Reserva Tours en la Amazon\u00eda de Per\u00fa","og_description":"Reserva de Excursiones a Pacaya Samiria.","og_url":"https:\/\/amazonexpeditionperu.com\/es\/tours-reserva-nacional-pacaya-samiria\/","og_site_name":"Amazon Expedition | Peru","article_modified_time":"2024-04-30T21:34:22+00:00","og_image":[{"width":800,"height":600,"url":"https:\/\/amazonexpeditionperu.com\/wp-content\/uploads\/2020\/03\/pacaya-samiria-peru.jpg","type":"image\/jpeg"}],"twitter_card":"summary_large_image","twitter_misc":{"Tiempo de lectura":"2 minutos"},"schema":{"@context":"https:\/\/schema.org","@graph":[{"@type":"WebPage","@id":"https:\/\/amazonexpeditionperu.com\/es\/tours-reserva-nacional-pacaya-samiria\/","url":"https:\/\/amazonexpeditionperu.com\/es\/tours-reserva-nacional-pacaya-samiria\/","name":"Tours Reserva Nacional Pacaya-Samiria | Amazon\u00eda del Per\u00fa","isPartOf":{"@id":"https:\/\/amazonexpeditionperu.com\/#website"},"primaryImageOfPage":{"@id":"https:\/\/amazonexpeditionperu.com\/es\/tours-reserva-nacional-pacaya-samiria\/#primaryimage"},"image":{"@id":"https:\/\/amazonexpeditionperu.com\/es\/tours-reserva-nacional-pacaya-samiria\/#primaryimage"},"thumbnailUrl":"https:\/\/amazonexpeditionperu.com\/wp-content\/uploads\/2020\/03\/banner-pacaya.jpg","datePublished":"2020-03-14T00:20:38+00:00","dateModified":"2024-04-30T21:34:22+00:00","description":"Excursiones a Reserva Nacional Pacaya-Samiria. Vive de una experiencia completa en la selva amaz\u00f3nica de Per\u00fa. Precios y reservas.","breadcrumb":{"@id":"https:\/\/amazonexpeditionperu.com\/es\/tours-reserva-nacional-pacaya-samiria\/#breadcrumb"},"inLanguage":"es","potentialAction":[{"@type":"ReadAction","target":["https:\/\/amazonexpeditionperu.com\/es\/tours-reserva-nacional-pacaya-samiria\/"]}]},{"@type":"ImageObject","inLanguage":"es","@id":"https:\/\/amazonexpeditionperu.com\/es\/tours-reserva-nacional-pacaya-samiria\/#primaryimage","url":"https:\/\/amazonexpeditionperu.com\/wp-content\/uploads\/2020\/03\/banner-pacaya.jpg","contentUrl":"https:\/\/amazonexpeditionperu.com\/wp-content\/uploads\/2020\/03\/banner-pacaya.jpg","width":1440,"height":550,"caption":"Expediciones a la Reserva Nacional Pacaya Samiria Norte de Per\u00fa"},{"@type":"BreadcrumbList","@id":"https:\/\/amazonexpeditionperu.com\/es\/tours-reserva-nacional-pacaya-samiria\/#breadcrumb","itemListElement":[{"@type":"ListItem","position":1,"name":"Home","item":"https:\/\/amazonexpeditionperu.com\/es\/"},{"@type":"ListItem","position":2,"name":"Tours Reserva Nacional Pacaya Samiria"}]},{"@type":"WebSite","@id":"https:\/\/amazonexpeditionperu.com\/#website","url":"https:\/\/amazonexpeditionperu.com\/","name":"Amazon Expedition | Peru","description":"Tour Agency","publisher":{"@id":"https:\/\/amazonexpeditionperu.com\/#organization"},"potentialAction":[{"@type":"SearchAction","target":{"@type":"EntryPoint","urlTemplate":"https:\/\/amazonexpeditionperu.com\/?s={search_term_string}"},"query-input":{"@type":"PropertyValueSpecification","valueRequired":true,"valueName":"search_term_string"}}],"inLanguage":"es"},{"@type":"Organization","@id":"https:\/\/amazonexpeditionperu.com\/#organization","name":"Amazon Expedition | Peru","url":"https:\/\/amazonexpeditionperu.com\/","logo":{"@type":"ImageObject","inLanguage":"es","@id":"https:\/\/amazonexpeditionperu.com\/#\/schema\/logo\/image\/","url":"https:\/\/amazonexpeditionperu.com\/wp-content\/uploads\/2021\/03\/logo-amazon-expedition-blanco.png","contentUrl":"https:\/\/amazonexpeditionperu.com\/wp-content\/uploads\/2021\/03\/logo-amazon-expedition-blanco.png","width":297,"height":80,"caption":"Amazon Expedition | Peru"},"image":{"@id":"https:\/\/amazonexpeditionperu.com\/#\/schema\/logo\/image\/"}}]}},"_links":{"self":[{"href":"https:\/\/amazonexpeditionperu.com\/es\/wp-json\/wp\/v2\/pages\/6076","targetHints":{"allow":["GET"]}}],"collection":[{"href":"https:\/\/amazonexpeditionperu.com\/es\/wp-json\/wp\/v2\/pages"}],"about":[{"href":"https:\/\/amazonexpeditionperu.com\/es\/wp-json\/wp\/v2\/types\/page"}],"author":[{"embeddable":true,"href":"https:\/\/amazonexpeditionperu.com\/es\/wp-json\/wp\/v2\/users\/9"}],"replies":[{"embeddable":true,"href":"https:\/\/amazonexpeditionperu.com\/es\/wp-json\/wp\/v2\/comments?post=6076"}],"version-history":[{"count":18,"href":"https:\/\/amazonexpeditionperu.com\/es\/wp-json\/wp\/v2\/pages\/6076\/revisions"}],"predecessor-version":[{"id":7423,"href":"https:\/\/amazonexpeditionperu.com\/es\/wp-json\/wp\/v2\/pages\/6076\/revisions\/7423"}],"wp:featuredmedia":[{"embeddable":true,"href":"https:\/\/amazonexpeditionperu.com\/es\/wp-json\/wp\/v2\/media\/4239"}],"wp:attachment":[{"href":"https:\/\/amazonexpeditionperu.com\/es\/wp-json\/wp\/v2\/media?parent=6076"}],"curies":[{"name":"wp","href":"https:\/\/api.w.org\/{rel}","templated":true}]}}