{"id":6071,"date":"2020-03-13T23:57:04","date_gmt":"2020-03-13T23:57:04","guid":{"rendered":"https:\/\/amazonexpeditionperu.com\/the-north-coast-of-peru\/"},"modified":"2025-09-11T15:01:45","modified_gmt":"2025-09-11T20:01:45","slug":"paquetes-turisticos-costa-norte-peru","status":"publish","type":"page","link":"https:\/\/amazonexpeditionperu.com\/es\/paquetes-turisticos-costa-norte-peru\/","title":{"rendered":"Paquetes Tur\u00edsticos Costa Norte"},"content":{"rendered":"<div class=\"wpb-content-wrapper\"><p>[vc_row][vc_column][vc_column_text]<\/p>\n<h1><\/h1>\n<h1 class=\"ppb_title\" style=\"text-align: center;\">La Costa Norte de Per\u00fa<\/h1>\n<div class=\"ppb_header_content\">\n<p style=\"text-align: center;\">El tour de la <strong>Costa Norte<\/strong> est\u00e1 dise\u00f1ado para viajeros que quieren explorar los m\u00e1s impresionantes yacimientos arqueol\u00f3gicos en la costa norte de Per\u00fa. Este viaje tiene como prioridad llevarle a conocer y viajar en la historia de impresionantes civilizaciones prehisp\u00e1nicas. Visitaremos centros ceremoniales, funerarios de civilizaciones que nos han dejado un legado hist\u00f3rico muy importante y que hoy en d\u00eda sorprende a muchos viajeros de todo el mundo. En nuestro viaje, visitaremos los m\u00e1s importantes <strong>atractivos tur\u00edsticos del norte de Per\u00fa<\/strong>. Adem\u00e1s, disfrutaremos de la rica gastronom\u00eda peruana. Le garantizamos que este viaje ser\u00e1 toda una experiencia con las culturas m\u00e1s sorprendentes de Per\u00fa.<\/p>\n<\/div>\n<p>[\/vc_column_text][\/vc_column][\/vc_row]<\/p>\n<\/div>","protected":false},"excerpt":{"rendered":"<p>[vc_row][vc_column][vc_column_text] La Costa Norte de Per\u00fa El tour de la Costa Norte est\u00e1 dise\u00f1ado para viajeros que quieren explorar los m\u00e1s impresionantes yacimientos arqueol\u00f3gicos en la costa norte de Per\u00fa. Este viaje tiene como prioridad llevarle a conocer y viajar en la historia de impresionantes civilizaciones prehisp\u00e1nicas. Visitaremos centros ceremoniales, funerarios de civilizaciones que nos [&hellip;]<\/p>\n","protected":false},"author":9,"featured_media":7637,"parent":0,"menu_order":0,"comment_status":"closed","ping_status":"closed","template":"page-tour-list.php","meta":{"footnotes":""},"class_list":["post-6071","page","type-page","status-publish","has-post-thumbnail","hentry"],"yoast_head":"<!-- This site is optimized with the Yoast SEO plugin v26.1.1 - https:\/\/yoast.com\/wordpress\/plugins\/seo\/ -->\n<title>Paquetes Tur\u00edsticos Costa Norte Per\u00fa | Amazon Expedition<\/title>\n<meta name=\"description\" content=\"Trujillo \u00b7 Huacas de la Luna y del Sol \u00b7 Sitio Arqueol\u00f3gico Chan Chan \u00b7 Chiclayo \u00b7 Piura \u00b7 Playas del Norte.\" \/>\n<meta name=\"robots\" content=\"index, follow, max-snippet:-1, max-image-preview:large, max-video-preview:-1\" \/>\n<link rel=\"canonical\" href=\"https:\/\/amazonexpeditionperu.com\/es\/paquetes-turisticos-costa-norte-peru\/\" \/>\n<meta property=\"og:locale\" content=\"es_ES\" \/>\n<meta property=\"og:type\" content=\"article\" \/>\n<meta property=\"og:title\" content=\"Paquetes Tur\u00edsticos Costa Norte Per\u00fa | Amazon Expedition\" \/>\n<meta property=\"og:description\" content=\"Trujillo \u00b7 Huacas de la Luna y del Sol \u00b7 Sitio Arqueol\u00f3gico Chan Chan \u00b7 Chiclayo \u00b7 Piura \u00b7 Playas del Norte.\" \/>\n<meta property=\"og:url\" content=\"https:\/\/amazonexpeditionperu.com\/es\/paquetes-turisticos-costa-norte-peru\/\" \/>\n<meta property=\"og:site_name\" content=\"Amazon Expedition | Peru\" \/>\n<meta property=\"article:modified_time\" content=\"2025-09-11T20:01:45+00:00\" \/>\n<meta property=\"og:image\" content=\"https:\/\/amazonexpeditionperu.com\/wp-content\/uploads\/2025\/02\/caral.jpg\" \/>\n\t<meta property=\"og:image:width\" content=\"1920\" \/>\n\t<meta property=\"og:image:height\" content=\"1080\" \/>\n\t<meta property=\"og:image:type\" content=\"image\/jpeg\" \/>\n<meta name=\"twitter:card\" content=\"summary_large_image\" \/>\n<meta name=\"twitter:label1\" content=\"Tiempo de lectura\" \/>\n\t<meta name=\"twitter:data1\" content=\"1 minuto\" \/>\n<script type=\"application\/ld+json\" class=\"yoast-schema-graph\">{\"@context\":\"https:\/\/schema.org\",\"@graph\":[{\"@type\":\"WebPage\",\"@id\":\"https:\/\/amazonexpeditionperu.com\/es\/paquetes-turisticos-costa-norte-peru\/\",\"url\":\"https:\/\/amazonexpeditionperu.com\/es\/paquetes-turisticos-costa-norte-peru\/\",\"name\":\"Paquetes Tur\u00edsticos Costa Norte Per\u00fa | Amazon Expedition\",\"isPartOf\":{\"@id\":\"https:\/\/amazonexpeditionperu.com\/#website\"},\"primaryImageOfPage\":{\"@id\":\"https:\/\/amazonexpeditionperu.com\/es\/paquetes-turisticos-costa-norte-peru\/#primaryimage\"},\"image\":{\"@id\":\"https:\/\/amazonexpeditionperu.com\/es\/paquetes-turisticos-costa-norte-peru\/#primaryimage\"},\"thumbnailUrl\":\"https:\/\/amazonexpeditionperu.com\/wp-content\/uploads\/2025\/02\/caral.jpg\",\"datePublished\":\"2020-03-13T23:57:04+00:00\",\"dateModified\":\"2025-09-11T20:01:45+00:00\",\"description\":\"Trujillo \u00b7 Huacas de la Luna y del Sol \u00b7 Sitio Arqueol\u00f3gico Chan Chan \u00b7 Chiclayo \u00b7 Piura \u00b7 Playas del Norte.\",\"breadcrumb\":{\"@id\":\"https:\/\/amazonexpeditionperu.com\/es\/paquetes-turisticos-costa-norte-peru\/#breadcrumb\"},\"inLanguage\":\"es\",\"potentialAction\":[{\"@type\":\"ReadAction\",\"target\":[\"https:\/\/amazonexpeditionperu.com\/es\/paquetes-turisticos-costa-norte-peru\/\"]}]},{\"@type\":\"ImageObject\",\"inLanguage\":\"es\",\"@id\":\"https:\/\/amazonexpeditionperu.com\/es\/paquetes-turisticos-costa-norte-peru\/#primaryimage\",\"url\":\"https:\/\/amazonexpeditionperu.com\/wp-content\/uploads\/2025\/02\/caral.jpg\",\"contentUrl\":\"https:\/\/amazonexpeditionperu.com\/wp-content\/uploads\/2025\/02\/caral.jpg\",\"width\":1920,\"height\":1080},{\"@type\":\"BreadcrumbList\",\"@id\":\"https:\/\/amazonexpeditionperu.com\/es\/paquetes-turisticos-costa-norte-peru\/#breadcrumb\",\"itemListElement\":[{\"@type\":\"ListItem\",\"position\":1,\"name\":\"Home\",\"item\":\"https:\/\/amazonexpeditionperu.com\/es\/\"},{\"@type\":\"ListItem\",\"position\":2,\"name\":\"Paquetes Tur\u00edsticos Costa Norte\"}]},{\"@type\":\"WebSite\",\"@id\":\"https:\/\/amazonexpeditionperu.com\/#website\",\"url\":\"https:\/\/amazonexpeditionperu.com\/\",\"name\":\"Amazon Expedition | Peru\",\"description\":\"Tour Agency\",\"publisher\":{\"@id\":\"https:\/\/amazonexpeditionperu.com\/#organization\"},\"potentialAction\":[{\"@type\":\"SearchAction\",\"target\":{\"@type\":\"EntryPoint\",\"urlTemplate\":\"https:\/\/amazonexpeditionperu.com\/?s={search_term_string}\"},\"query-input\":{\"@type\":\"PropertyValueSpecification\",\"valueRequired\":true,\"valueName\":\"search_term_string\"}}],\"inLanguage\":\"es\"},{\"@type\":\"Organization\",\"@id\":\"https:\/\/amazonexpeditionperu.com\/#organization\",\"name\":\"Amazon Expedition | Peru\",\"url\":\"https:\/\/amazonexpeditionperu.com\/\",\"logo\":{\"@type\":\"ImageObject\",\"inLanguage\":\"es\",\"@id\":\"https:\/\/amazonexpeditionperu.com\/#\/schema\/logo\/image\/\",\"url\":\"https:\/\/amazonexpeditionperu.com\/wp-content\/uploads\/2021\/03\/logo-amazon-expedition-blanco.png\",\"contentUrl\":\"https:\/\/amazonexpeditionperu.com\/wp-content\/uploads\/2021\/03\/logo-amazon-expedition-blanco.png\",\"width\":297,\"height\":80,\"caption\":\"Amazon Expedition | Peru\"},\"image\":{\"@id\":\"https:\/\/amazonexpeditionperu.com\/#\/schema\/logo\/image\/\"}}]}<\/script>\n<!-- \/ Yoast SEO plugin. -->","yoast_head_json":{"title":"Paquetes Tur\u00edsticos Costa Norte Per\u00fa | Amazon Expedition","description":"Trujillo \u00b7 Huacas de la Luna y del Sol \u00b7 Sitio Arqueol\u00f3gico Chan Chan \u00b7 Chiclayo \u00b7 Piura \u00b7 Playas del Norte.","robots":{"index":"index","follow":"follow","max-snippet":"max-snippet:-1","max-image-preview":"max-image-preview:large","max-video-preview":"max-video-preview:-1"},"canonical":"https:\/\/amazonexpeditionperu.com\/es\/paquetes-turisticos-costa-norte-peru\/","og_locale":"es_ES","og_type":"article","og_title":"Paquetes Tur\u00edsticos Costa Norte Per\u00fa | Amazon Expedition","og_description":"Trujillo \u00b7 Huacas de la Luna y del Sol \u00b7 Sitio Arqueol\u00f3gico Chan Chan \u00b7 Chiclayo \u00b7 Piura \u00b7 Playas del Norte.","og_url":"https:\/\/amazonexpeditionperu.com\/es\/paquetes-turisticos-costa-norte-peru\/","og_site_name":"Amazon Expedition | Peru","article_modified_time":"2025-09-11T20:01:45+00:00","og_image":[{"width":1920,"height":1080,"url":"https:\/\/amazonexpeditionperu.com\/wp-content\/uploads\/2025\/02\/caral.jpg","type":"image\/jpeg"}],"twitter_card":"summary_large_image","twitter_misc":{"Tiempo de lectura":"1 minuto"},"schema":{"@context":"https:\/\/schema.org","@graph":[{"@type":"WebPage","@id":"https:\/\/amazonexpeditionperu.com\/es\/paquetes-turisticos-costa-norte-peru\/","url":"https:\/\/amazonexpeditionperu.com\/es\/paquetes-turisticos-costa-norte-peru\/","name":"Paquetes Tur\u00edsticos Costa Norte Per\u00fa | Amazon Expedition","isPartOf":{"@id":"https:\/\/amazonexpeditionperu.com\/#website"},"primaryImageOfPage":{"@id":"https:\/\/amazonexpeditionperu.com\/es\/paquetes-turisticos-costa-norte-peru\/#primaryimage"},"image":{"@id":"https:\/\/amazonexpeditionperu.com\/es\/paquetes-turisticos-costa-norte-peru\/#primaryimage"},"thumbnailUrl":"https:\/\/amazonexpeditionperu.com\/wp-content\/uploads\/2025\/02\/caral.jpg","datePublished":"2020-03-13T23:57:04+00:00","dateModified":"2025-09-11T20:01:45+00:00","description":"Trujillo \u00b7 Huacas de la Luna y del Sol \u00b7 Sitio Arqueol\u00f3gico Chan Chan \u00b7 Chiclayo \u00b7 Piura \u00b7 Playas del Norte.","breadcrumb":{"@id":"https:\/\/amazonexpeditionperu.com\/es\/paquetes-turisticos-costa-norte-peru\/#breadcrumb"},"inLanguage":"es","potentialAction":[{"@type":"ReadAction","target":["https:\/\/amazonexpeditionperu.com\/es\/paquetes-turisticos-costa-norte-peru\/"]}]},{"@type":"ImageObject","inLanguage":"es","@id":"https:\/\/amazonexpeditionperu.com\/es\/paquetes-turisticos-costa-norte-peru\/#primaryimage","url":"https:\/\/amazonexpeditionperu.com\/wp-content\/uploads\/2025\/02\/caral.jpg","contentUrl":"https:\/\/amazonexpeditionperu.com\/wp-content\/uploads\/2025\/02\/caral.jpg","width":1920,"height":1080},{"@type":"BreadcrumbList","@id":"https:\/\/amazonexpeditionperu.com\/es\/paquetes-turisticos-costa-norte-peru\/#breadcrumb","itemListElement":[{"@type":"ListItem","position":1,"name":"Home","item":"https:\/\/amazonexpeditionperu.com\/es\/"},{"@type":"ListItem","position":2,"name":"Paquetes Tur\u00edsticos Costa Norte"}]},{"@type":"WebSite","@id":"https:\/\/amazonexpeditionperu.com\/#website","url":"https:\/\/amazonexpeditionperu.com\/","name":"Amazon Expedition | Peru","description":"Tour Agency","publisher":{"@id":"https:\/\/amazonexpeditionperu.com\/#organization"},"potentialAction":[{"@type":"SearchAction","target":{"@type":"EntryPoint","urlTemplate":"https:\/\/amazonexpeditionperu.com\/?s={search_term_string}"},"query-input":{"@type":"PropertyValueSpecification","valueRequired":true,"valueName":"search_term_string"}}],"inLanguage":"es"},{"@type":"Organization","@id":"https:\/\/amazonexpeditionperu.com\/#organization","name":"Amazon Expedition | Peru","url":"https:\/\/amazonexpeditionperu.com\/","logo":{"@type":"ImageObject","inLanguage":"es","@id":"https:\/\/amazonexpeditionperu.com\/#\/schema\/logo\/image\/","url":"https:\/\/amazonexpeditionperu.com\/wp-content\/uploads\/2021\/03\/logo-amazon-expedition-blanco.png","contentUrl":"https:\/\/amazonexpeditionperu.com\/wp-content\/uploads\/2021\/03\/logo-amazon-expedition-blanco.png","width":297,"height":80,"caption":"Amazon Expedition | Peru"},"image":{"@id":"https:\/\/amazonexpeditionperu.com\/#\/schema\/logo\/image\/"}}]}},"_links":{"self":[{"href":"https:\/\/amazonexpeditionperu.com\/es\/wp-json\/wp\/v2\/pages\/6071","targetHints":{"allow":["GET"]}}],"collection":[{"href":"https:\/\/amazonexpeditionperu.com\/es\/wp-json\/wp\/v2\/pages"}],"about":[{"href":"https:\/\/amazonexpeditionperu.com\/es\/wp-json\/wp\/v2\/types\/page"}],"author":[{"embeddable":true,"href":"https:\/\/amazonexpeditionperu.com\/es\/wp-json\/wp\/v2\/users\/9"}],"replies":[{"embeddable":true,"href":"https:\/\/amazonexpeditionperu.com\/es\/wp-json\/wp\/v2\/comments?post=6071"}],"version-history":[{"count":4,"href":"https:\/\/amazonexpeditionperu.com\/es\/wp-json\/wp\/v2\/pages\/6071\/revisions"}],"predecessor-version":[{"id":8261,"href":"https:\/\/amazonexpeditionperu.com\/es\/wp-json\/wp\/v2\/pages\/6071\/revisions\/8261"}],"wp:featuredmedia":[{"embeddable":true,"href":"https:\/\/amazonexpeditionperu.com\/es\/wp-json\/wp\/v2\/media\/7637"}],"wp:attachment":[{"href":"https:\/\/amazonexpeditionperu.com\/es\/wp-json\/wp\/v2\/media?parent=6071"}],"curies":[{"name":"wp","href":"https:\/\/api.w.org\/{rel}","templated":true}]}}