{"id":6066,"date":"2020-03-13T23:34:23","date_gmt":"2020-03-13T23:34:23","guid":{"rendered":"https:\/\/amazonexpeditionperu.com\/trekking-tours-amazonas-northern-peru\/"},"modified":"2025-09-11T17:30:37","modified_gmt":"2025-09-11T22:30:37","slug":"trekking-amazonas","status":"publish","type":"page","link":"https:\/\/amazonexpeditionperu.com\/es\/trekking-amazonas\/","title":{"rendered":"Trekking en Amazonas"},"content":{"rendered":"<div class=\"wpb-content-wrapper\"><p>[vc_row][vc_column][vc_column_text css=\u00bb\u00bb]<\/p>\n<h1><\/h1>\n<h1 class=\"ppb_title\" style=\"text-align: center;\">Las mejores rutas de Trekking en el Norte de Per\u00fa<\/h1>\n<div class=\"ppb_header_content\">\n<p style=\"text-align: center;\">Per\u00fa te ofrece diversas opciones para el <strong>ecoturismo<\/strong>: <strong>trekking<\/strong>, <strong>senderismo<\/strong>, <strong>hiking<\/strong>, <strong>caminatas<\/strong>. Te invitamos a conocer algunos de los destinos m\u00e1s importantes para practicar el turismo de aventura y exploraci\u00f3n en la <strong>Regi\u00f3n de Amazonas<\/strong>, <strong>Norte de Per\u00fa<\/strong>: Camino Inca Trekking, Gran Vilaya Trekking, Lagunas de los C\u00f3ndores Trekking.<\/p>\n<\/div>\n<p>[\/vc_column_text][\/vc_column][\/vc_row][vc_row][vc_column][vc_custom_heading text=\u00bbLos mejores lugares para hacer Trekking en Per\u00fa\u00bb font_container=\u00bbtag:h2|text_align:left|color:%23000000&#8243; google_fonts=\u00bbfont_family:Open%20Sans%3A300%2C300italic%2Cregular%2Citalic%2C600%2C600italic%2C700%2C700italic%2C800%2C800italic|font_style:600%20bold%20regular%3A600%3Anormal\u00bb css=\u00bb\u00bb][\/vc_column][\/vc_row]<\/p>\n<\/div>","protected":false},"excerpt":{"rendered":"<p>[vc_row][vc_column][vc_column_text css=\u00bb\u00bb] Las mejores rutas de Trekking en el Norte de Per\u00fa Per\u00fa te ofrece diversas opciones para el ecoturismo: trekking, senderismo, hiking, caminatas. Te invitamos a conocer algunos de los destinos m\u00e1s importantes para practicar el turismo de aventura y exploraci\u00f3n en la Regi\u00f3n de Amazonas, Norte de Per\u00fa: Camino Inca Trekking, Gran Vilaya [&hellip;]<\/p>\n","protected":false},"author":9,"featured_media":4400,"parent":0,"menu_order":0,"comment_status":"closed","ping_status":"closed","template":"page-tour-list.php","meta":{"footnotes":""},"class_list":["post-6066","page","type-page","status-publish","has-post-thumbnail","hentry"],"yoast_head":"<!-- This site is optimized with the Yoast SEO plugin v26.1.1 - https:\/\/yoast.com\/wordpress\/plugins\/seo\/ -->\n<title>Las mejores rutas de Trekking en Chachapoyas, Amazonas, Per\u00fa<\/title>\n<meta name=\"description\" content=\"\u2705 Trekking, senderismo, hiking, caminatas en Chachapoyas, Amazonas, Per\u00fa - Camino Inca, Gran Vilaya, Laguna de los C\u00f3ndores y m\u00e1s.\" \/>\n<meta name=\"robots\" content=\"index, follow, max-snippet:-1, max-image-preview:large, max-video-preview:-1\" \/>\n<link rel=\"canonical\" href=\"https:\/\/amazonexpeditionperu.com\/es\/trekking-amazonas\/\" \/>\n<meta property=\"og:locale\" content=\"es_ES\" \/>\n<meta property=\"og:type\" content=\"article\" \/>\n<meta property=\"og:title\" content=\"Las mejores rutas de Trekking en Amazonas\" \/>\n<meta property=\"og:description\" content=\"Trekking, senderismo, hiking, caminatas en Chachapoyas.\" \/>\n<meta property=\"og:url\" content=\"https:\/\/amazonexpeditionperu.com\/es\/trekking-amazonas\/\" \/>\n<meta property=\"og:site_name\" content=\"Amazon Expedition | Peru\" \/>\n<meta property=\"article:modified_time\" content=\"2025-09-11T22:30:37+00:00\" \/>\n<meta property=\"og:image\" content=\"https:\/\/amazonexpeditionperu.com\/wp-content\/uploads\/2022\/09\/gran-vilaya-amazon-expedition-1.jpg\" \/>\n\t<meta property=\"og:image:width\" content=\"960\" \/>\n\t<meta property=\"og:image:height\" content=\"640\" \/>\n\t<meta property=\"og:image:type\" content=\"image\/jpeg\" \/>\n<meta name=\"twitter:card\" content=\"summary_large_image\" \/>\n<meta name=\"twitter:label1\" content=\"Tiempo de lectura\" \/>\n\t<meta name=\"twitter:data1\" content=\"1 minuto\" \/>\n<script type=\"application\/ld+json\" class=\"yoast-schema-graph\">{\"@context\":\"https:\/\/schema.org\",\"@graph\":[{\"@type\":\"WebPage\",\"@id\":\"https:\/\/amazonexpeditionperu.com\/es\/trekking-amazonas\/\",\"url\":\"https:\/\/amazonexpeditionperu.com\/es\/trekking-amazonas\/\",\"name\":\"Las mejores rutas de Trekking en Chachapoyas, Amazonas, Per\u00fa\",\"isPartOf\":{\"@id\":\"https:\/\/amazonexpeditionperu.com\/#website\"},\"primaryImageOfPage\":{\"@id\":\"https:\/\/amazonexpeditionperu.com\/es\/trekking-amazonas\/#primaryimage\"},\"image\":{\"@id\":\"https:\/\/amazonexpeditionperu.com\/es\/trekking-amazonas\/#primaryimage\"},\"thumbnailUrl\":\"https:\/\/amazonexpeditionperu.com\/wp-content\/uploads\/2020\/03\/banner-trekking.jpg\",\"datePublished\":\"2020-03-13T23:34:23+00:00\",\"dateModified\":\"2025-09-11T22:30:37+00:00\",\"description\":\"\u2705 Trekking, senderismo, hiking, caminatas en Chachapoyas, Amazonas, Per\u00fa - Camino Inca, Gran Vilaya, Laguna de los C\u00f3ndores y m\u00e1s.\",\"breadcrumb\":{\"@id\":\"https:\/\/amazonexpeditionperu.com\/es\/trekking-amazonas\/#breadcrumb\"},\"inLanguage\":\"es\",\"potentialAction\":[{\"@type\":\"ReadAction\",\"target\":[\"https:\/\/amazonexpeditionperu.com\/es\/trekking-amazonas\/\"]}]},{\"@type\":\"ImageObject\",\"inLanguage\":\"es\",\"@id\":\"https:\/\/amazonexpeditionperu.com\/es\/trekking-amazonas\/#primaryimage\",\"url\":\"https:\/\/amazonexpeditionperu.com\/wp-content\/uploads\/2020\/03\/banner-trekking.jpg\",\"contentUrl\":\"https:\/\/amazonexpeditionperu.com\/wp-content\/uploads\/2020\/03\/banner-trekking.jpg\",\"width\":1440,\"height\":550},{\"@type\":\"BreadcrumbList\",\"@id\":\"https:\/\/amazonexpeditionperu.com\/es\/trekking-amazonas\/#breadcrumb\",\"itemListElement\":[{\"@type\":\"ListItem\",\"position\":1,\"name\":\"Home\",\"item\":\"https:\/\/amazonexpeditionperu.com\/es\/\"},{\"@type\":\"ListItem\",\"position\":2,\"name\":\"Trekking en Amazonas\"}]},{\"@type\":\"WebSite\",\"@id\":\"https:\/\/amazonexpeditionperu.com\/#website\",\"url\":\"https:\/\/amazonexpeditionperu.com\/\",\"name\":\"Amazon Expedition | Peru\",\"description\":\"Tour Agency\",\"publisher\":{\"@id\":\"https:\/\/amazonexpeditionperu.com\/#organization\"},\"potentialAction\":[{\"@type\":\"SearchAction\",\"target\":{\"@type\":\"EntryPoint\",\"urlTemplate\":\"https:\/\/amazonexpeditionperu.com\/?s={search_term_string}\"},\"query-input\":{\"@type\":\"PropertyValueSpecification\",\"valueRequired\":true,\"valueName\":\"search_term_string\"}}],\"inLanguage\":\"es\"},{\"@type\":\"Organization\",\"@id\":\"https:\/\/amazonexpeditionperu.com\/#organization\",\"name\":\"Amazon Expedition | Peru\",\"url\":\"https:\/\/amazonexpeditionperu.com\/\",\"logo\":{\"@type\":\"ImageObject\",\"inLanguage\":\"es\",\"@id\":\"https:\/\/amazonexpeditionperu.com\/#\/schema\/logo\/image\/\",\"url\":\"https:\/\/amazonexpeditionperu.com\/wp-content\/uploads\/2021\/03\/logo-amazon-expedition-blanco.png\",\"contentUrl\":\"https:\/\/amazonexpeditionperu.com\/wp-content\/uploads\/2021\/03\/logo-amazon-expedition-blanco.png\",\"width\":297,\"height\":80,\"caption\":\"Amazon Expedition | Peru\"},\"image\":{\"@id\":\"https:\/\/amazonexpeditionperu.com\/#\/schema\/logo\/image\/\"}}]}<\/script>\n<!-- \/ Yoast SEO plugin. -->","yoast_head_json":{"title":"Las mejores rutas de Trekking en Chachapoyas, Amazonas, Per\u00fa","description":"\u2705 Trekking, senderismo, hiking, caminatas en Chachapoyas, Amazonas, Per\u00fa - Camino Inca, Gran Vilaya, Laguna de los C\u00f3ndores y m\u00e1s.","robots":{"index":"index","follow":"follow","max-snippet":"max-snippet:-1","max-image-preview":"max-image-preview:large","max-video-preview":"max-video-preview:-1"},"canonical":"https:\/\/amazonexpeditionperu.com\/es\/trekking-amazonas\/","og_locale":"es_ES","og_type":"article","og_title":"Las mejores rutas de Trekking en Amazonas","og_description":"Trekking, senderismo, hiking, caminatas en Chachapoyas.","og_url":"https:\/\/amazonexpeditionperu.com\/es\/trekking-amazonas\/","og_site_name":"Amazon Expedition | Peru","article_modified_time":"2025-09-11T22:30:37+00:00","og_image":[{"width":960,"height":640,"url":"https:\/\/amazonexpeditionperu.com\/wp-content\/uploads\/2022\/09\/gran-vilaya-amazon-expedition-1.jpg","type":"image\/jpeg"}],"twitter_card":"summary_large_image","twitter_misc":{"Tiempo de lectura":"1 minuto"},"schema":{"@context":"https:\/\/schema.org","@graph":[{"@type":"WebPage","@id":"https:\/\/amazonexpeditionperu.com\/es\/trekking-amazonas\/","url":"https:\/\/amazonexpeditionperu.com\/es\/trekking-amazonas\/","name":"Las mejores rutas de Trekking en Chachapoyas, Amazonas, Per\u00fa","isPartOf":{"@id":"https:\/\/amazonexpeditionperu.com\/#website"},"primaryImageOfPage":{"@id":"https:\/\/amazonexpeditionperu.com\/es\/trekking-amazonas\/#primaryimage"},"image":{"@id":"https:\/\/amazonexpeditionperu.com\/es\/trekking-amazonas\/#primaryimage"},"thumbnailUrl":"https:\/\/amazonexpeditionperu.com\/wp-content\/uploads\/2020\/03\/banner-trekking.jpg","datePublished":"2020-03-13T23:34:23+00:00","dateModified":"2025-09-11T22:30:37+00:00","description":"\u2705 Trekking, senderismo, hiking, caminatas en Chachapoyas, Amazonas, Per\u00fa - Camino Inca, Gran Vilaya, Laguna de los C\u00f3ndores y m\u00e1s.","breadcrumb":{"@id":"https:\/\/amazonexpeditionperu.com\/es\/trekking-amazonas\/#breadcrumb"},"inLanguage":"es","potentialAction":[{"@type":"ReadAction","target":["https:\/\/amazonexpeditionperu.com\/es\/trekking-amazonas\/"]}]},{"@type":"ImageObject","inLanguage":"es","@id":"https:\/\/amazonexpeditionperu.com\/es\/trekking-amazonas\/#primaryimage","url":"https:\/\/amazonexpeditionperu.com\/wp-content\/uploads\/2020\/03\/banner-trekking.jpg","contentUrl":"https:\/\/amazonexpeditionperu.com\/wp-content\/uploads\/2020\/03\/banner-trekking.jpg","width":1440,"height":550},{"@type":"BreadcrumbList","@id":"https:\/\/amazonexpeditionperu.com\/es\/trekking-amazonas\/#breadcrumb","itemListElement":[{"@type":"ListItem","position":1,"name":"Home","item":"https:\/\/amazonexpeditionperu.com\/es\/"},{"@type":"ListItem","position":2,"name":"Trekking en Amazonas"}]},{"@type":"WebSite","@id":"https:\/\/amazonexpeditionperu.com\/#website","url":"https:\/\/amazonexpeditionperu.com\/","name":"Amazon Expedition | Peru","description":"Tour Agency","publisher":{"@id":"https:\/\/amazonexpeditionperu.com\/#organization"},"potentialAction":[{"@type":"SearchAction","target":{"@type":"EntryPoint","urlTemplate":"https:\/\/amazonexpeditionperu.com\/?s={search_term_string}"},"query-input":{"@type":"PropertyValueSpecification","valueRequired":true,"valueName":"search_term_string"}}],"inLanguage":"es"},{"@type":"Organization","@id":"https:\/\/amazonexpeditionperu.com\/#organization","name":"Amazon Expedition | Peru","url":"https:\/\/amazonexpeditionperu.com\/","logo":{"@type":"ImageObject","inLanguage":"es","@id":"https:\/\/amazonexpeditionperu.com\/#\/schema\/logo\/image\/","url":"https:\/\/amazonexpeditionperu.com\/wp-content\/uploads\/2021\/03\/logo-amazon-expedition-blanco.png","contentUrl":"https:\/\/amazonexpeditionperu.com\/wp-content\/uploads\/2021\/03\/logo-amazon-expedition-blanco.png","width":297,"height":80,"caption":"Amazon Expedition | Peru"},"image":{"@id":"https:\/\/amazonexpeditionperu.com\/#\/schema\/logo\/image\/"}}]}},"_links":{"self":[{"href":"https:\/\/amazonexpeditionperu.com\/es\/wp-json\/wp\/v2\/pages\/6066","targetHints":{"allow":["GET"]}}],"collection":[{"href":"https:\/\/amazonexpeditionperu.com\/es\/wp-json\/wp\/v2\/pages"}],"about":[{"href":"https:\/\/amazonexpeditionperu.com\/es\/wp-json\/wp\/v2\/types\/page"}],"author":[{"embeddable":true,"href":"https:\/\/amazonexpeditionperu.com\/es\/wp-json\/wp\/v2\/users\/9"}],"replies":[{"embeddable":true,"href":"https:\/\/amazonexpeditionperu.com\/es\/wp-json\/wp\/v2\/comments?post=6066"}],"version-history":[{"count":9,"href":"https:\/\/amazonexpeditionperu.com\/es\/wp-json\/wp\/v2\/pages\/6066\/revisions"}],"predecessor-version":[{"id":8295,"href":"https:\/\/amazonexpeditionperu.com\/es\/wp-json\/wp\/v2\/pages\/6066\/revisions\/8295"}],"wp:featuredmedia":[{"embeddable":true,"href":"https:\/\/amazonexpeditionperu.com\/es\/wp-json\/wp\/v2\/media\/4400"}],"wp:attachment":[{"href":"https:\/\/amazonexpeditionperu.com\/es\/wp-json\/wp\/v2\/media?parent=6066"}],"curies":[{"name":"wp","href":"https:\/\/api.w.org\/{rel}","templated":true}]}}