{"id":6049,"date":"2022-09-08T21:53:26","date_gmt":"2022-09-09T02:53:26","guid":{"rendered":"https:\/\/amazonexpeditionperu.com\/chachapoyas-day-trips-amazonas-northern-peru\/"},"modified":"2024-04-29T16:50:42","modified_gmt":"2024-04-29T21:50:42","slug":"tours-diarios-chachapoyas","status":"publish","type":"page","link":"https:\/\/amazonexpeditionperu.com\/es\/tours-diarios-chachapoyas\/","title":{"rendered":"Tour Diarios Chachapoyas Per\u00fa"},"content":{"rendered":"<div class=\"wpb-content-wrapper\"><p>[vc_row][vc_column][vc_column_text]<\/p>\n<h1><\/h1>\n<h1 class=\"ppb_title\" style=\"text-align: center;\">Los Mejores Destinos en el Norte de Per\u00fa<\/h1>\n<div class=\"ppb_header_content\">\n<p style=\"text-align: left;\">\u00a1Admire la belleza del <strong>Norte de Per\u00fa<\/strong> y visite lugares de entierro pre-inca! \u00bfDesea ver la belleza natural del norte de Per\u00fa en una excursi\u00f3n de un d\u00eda desde Chachapoyas? Si es as\u00ed, este viaje desde la ciudad es para usted. \u00a1Elija uno de nuestros viajes en <strong>Chachapoyas<\/strong>!<\/p>\n<\/div>\n<p>[\/vc_column_text][vc_column_text css=\u00bb\u00bb]<\/p>\n<p class=\"ppb_title\" style=\"text-align: left;\"><span style=\"font-size: 16px;\">Visita <strong>Chachapoyas<\/strong>. Reserva ahora los <strong>Mejores Tours en la Regi\u00f3n de Amazonas<\/strong>, Norte de Per\u00fa. Tours Diarios a <strong>K\u00faelap<\/strong>, <strong>Catarata Gocta<\/strong>, Catarata Yumbilla, Caverna Quiocta, Sarcof\u00e1gos de Karaj\u00eda, Revash, Leymebamba y mucho m\u00e1s.<\/span><\/p>\n<p>[\/vc_column_text][\/vc_column][\/vc_row]<\/p>\n<\/div>","protected":false},"excerpt":{"rendered":"<p>[vc_row][vc_column][vc_column_text] Los Mejores Destinos en el Norte de Per\u00fa \u00a1Admire la belleza del Norte de Per\u00fa y visite lugares de entierro pre-inca! \u00bfDesea ver la belleza natural del norte de Per\u00fa en una excursi\u00f3n de un d\u00eda desde Chachapoyas? Si es as\u00ed, este viaje desde la ciudad es para usted. \u00a1Elija uno de nuestros viajes [&hellip;]<\/p>\n","protected":false},"author":9,"featured_media":7635,"parent":0,"menu_order":0,"comment_status":"closed","ping_status":"closed","template":"page-tour-list.php","meta":{"footnotes":""},"class_list":["post-6049","page","type-page","status-publish","has-post-thumbnail","hentry"],"yoast_head":"<!-- This site is optimized with the Yoast SEO plugin v26.1.1 - https:\/\/yoast.com\/wordpress\/plugins\/seo\/ -->\n<title>Tours Diarios en Chachapoyas, Amazonas, Norte de Per\u00fa<\/title>\n<meta name=\"description\" content=\"\u2705 Reserva ahora los mejores Tours Diarios en Chachapoyas. Los Mejores Destinos en el Norte de Per\u00fa. Precios Catarata de Gocta, Ku\u00e9lap y m\u00e1s.\" \/>\n<meta name=\"robots\" content=\"index, follow, max-snippet:-1, max-image-preview:large, max-video-preview:-1\" \/>\n<link rel=\"canonical\" href=\"https:\/\/amazonexpeditionperu.com\/es\/tours-diarios-chachapoyas\/\" \/>\n<meta property=\"og:locale\" content=\"es_ES\" \/>\n<meta property=\"og:type\" content=\"article\" \/>\n<meta property=\"og:title\" content=\"Los Mejores Tours Diarios en Chachapoyas\" \/>\n<meta property=\"og:description\" content=\"Reserva ahora en 1 click con pagos con tarjeta.\" \/>\n<meta property=\"og:url\" content=\"https:\/\/amazonexpeditionperu.com\/es\/tours-diarios-chachapoyas\/\" \/>\n<meta property=\"og:site_name\" content=\"Amazon Expedition | Peru\" \/>\n<meta property=\"article:modified_time\" content=\"2024-04-29T21:50:42+00:00\" \/>\n<meta property=\"og:image\" content=\"https:\/\/amazonexpeditionperu.com\/wp-content\/uploads\/2020\/03\/gocta.jpg\" \/>\n\t<meta property=\"og:image:width\" content=\"800\" \/>\n\t<meta property=\"og:image:height\" content=\"600\" \/>\n\t<meta property=\"og:image:type\" content=\"image\/jpeg\" \/>\n<meta name=\"twitter:card\" content=\"summary_large_image\" \/>\n<meta name=\"twitter:label1\" content=\"Tiempo de lectura\" \/>\n\t<meta name=\"twitter:data1\" content=\"1 minuto\" \/>\n<script type=\"application\/ld+json\" class=\"yoast-schema-graph\">{\"@context\":\"https:\/\/schema.org\",\"@graph\":[{\"@type\":\"WebPage\",\"@id\":\"https:\/\/amazonexpeditionperu.com\/es\/tours-diarios-chachapoyas\/\",\"url\":\"https:\/\/amazonexpeditionperu.com\/es\/tours-diarios-chachapoyas\/\",\"name\":\"Tours Diarios en Chachapoyas, Amazonas, Norte de Per\u00fa\",\"isPartOf\":{\"@id\":\"https:\/\/amazonexpeditionperu.com\/#website\"},\"primaryImageOfPage\":{\"@id\":\"https:\/\/amazonexpeditionperu.com\/es\/tours-diarios-chachapoyas\/#primaryimage\"},\"image\":{\"@id\":\"https:\/\/amazonexpeditionperu.com\/es\/tours-diarios-chachapoyas\/#primaryimage\"},\"thumbnailUrl\":\"https:\/\/amazonexpeditionperu.com\/wp-content\/uploads\/2025\/02\/ORD_1904-scaled.jpg\",\"datePublished\":\"2022-09-09T02:53:26+00:00\",\"dateModified\":\"2024-04-29T21:50:42+00:00\",\"description\":\"\u2705 Reserva ahora los mejores Tours Diarios en Chachapoyas. Los Mejores Destinos en el Norte de Per\u00fa. Precios Catarata de Gocta, Ku\u00e9lap y m\u00e1s.\",\"breadcrumb\":{\"@id\":\"https:\/\/amazonexpeditionperu.com\/es\/tours-diarios-chachapoyas\/#breadcrumb\"},\"inLanguage\":\"es\",\"potentialAction\":[{\"@type\":\"ReadAction\",\"target\":[\"https:\/\/amazonexpeditionperu.com\/es\/tours-diarios-chachapoyas\/\"]}]},{\"@type\":\"ImageObject\",\"inLanguage\":\"es\",\"@id\":\"https:\/\/amazonexpeditionperu.com\/es\/tours-diarios-chachapoyas\/#primaryimage\",\"url\":\"https:\/\/amazonexpeditionperu.com\/wp-content\/uploads\/2025\/02\/ORD_1904-scaled.jpg\",\"contentUrl\":\"https:\/\/amazonexpeditionperu.com\/wp-content\/uploads\/2025\/02\/ORD_1904-scaled.jpg\"},{\"@type\":\"BreadcrumbList\",\"@id\":\"https:\/\/amazonexpeditionperu.com\/es\/tours-diarios-chachapoyas\/#breadcrumb\",\"itemListElement\":[{\"@type\":\"ListItem\",\"position\":1,\"name\":\"Home\",\"item\":\"https:\/\/amazonexpeditionperu.com\/es\/\"},{\"@type\":\"ListItem\",\"position\":2,\"name\":\"Tour Diarios Chachapoyas Per\u00fa\"}]},{\"@type\":\"WebSite\",\"@id\":\"https:\/\/amazonexpeditionperu.com\/#website\",\"url\":\"https:\/\/amazonexpeditionperu.com\/\",\"name\":\"Amazon Expedition | Peru\",\"description\":\"Tour Agency\",\"publisher\":{\"@id\":\"https:\/\/amazonexpeditionperu.com\/#organization\"},\"potentialAction\":[{\"@type\":\"SearchAction\",\"target\":{\"@type\":\"EntryPoint\",\"urlTemplate\":\"https:\/\/amazonexpeditionperu.com\/?s={search_term_string}\"},\"query-input\":{\"@type\":\"PropertyValueSpecification\",\"valueRequired\":true,\"valueName\":\"search_term_string\"}}],\"inLanguage\":\"es\"},{\"@type\":\"Organization\",\"@id\":\"https:\/\/amazonexpeditionperu.com\/#organization\",\"name\":\"Amazon Expedition | Peru\",\"url\":\"https:\/\/amazonexpeditionperu.com\/\",\"logo\":{\"@type\":\"ImageObject\",\"inLanguage\":\"es\",\"@id\":\"https:\/\/amazonexpeditionperu.com\/#\/schema\/logo\/image\/\",\"url\":\"https:\/\/amazonexpeditionperu.com\/wp-content\/uploads\/2021\/03\/logo-amazon-expedition-blanco.png\",\"contentUrl\":\"https:\/\/amazonexpeditionperu.com\/wp-content\/uploads\/2021\/03\/logo-amazon-expedition-blanco.png\",\"width\":297,\"height\":80,\"caption\":\"Amazon Expedition | Peru\"},\"image\":{\"@id\":\"https:\/\/amazonexpeditionperu.com\/#\/schema\/logo\/image\/\"}}]}<\/script>\n<!-- \/ Yoast SEO plugin. -->","yoast_head_json":{"title":"Tours Diarios en Chachapoyas, Amazonas, Norte de Per\u00fa","description":"\u2705 Reserva ahora los mejores Tours Diarios en Chachapoyas. Los Mejores Destinos en el Norte de Per\u00fa. Precios Catarata de Gocta, Ku\u00e9lap y m\u00e1s.","robots":{"index":"index","follow":"follow","max-snippet":"max-snippet:-1","max-image-preview":"max-image-preview:large","max-video-preview":"max-video-preview:-1"},"canonical":"https:\/\/amazonexpeditionperu.com\/es\/tours-diarios-chachapoyas\/","og_locale":"es_ES","og_type":"article","og_title":"Los Mejores Tours Diarios en Chachapoyas","og_description":"Reserva ahora en 1 click con pagos con tarjeta.","og_url":"https:\/\/amazonexpeditionperu.com\/es\/tours-diarios-chachapoyas\/","og_site_name":"Amazon Expedition | Peru","article_modified_time":"2024-04-29T21:50:42+00:00","og_image":[{"width":800,"height":600,"url":"https:\/\/amazonexpeditionperu.com\/wp-content\/uploads\/2020\/03\/gocta.jpg","type":"image\/jpeg"}],"twitter_card":"summary_large_image","twitter_misc":{"Tiempo de lectura":"1 minuto"},"schema":{"@context":"https:\/\/schema.org","@graph":[{"@type":"WebPage","@id":"https:\/\/amazonexpeditionperu.com\/es\/tours-diarios-chachapoyas\/","url":"https:\/\/amazonexpeditionperu.com\/es\/tours-diarios-chachapoyas\/","name":"Tours Diarios en Chachapoyas, Amazonas, Norte de Per\u00fa","isPartOf":{"@id":"https:\/\/amazonexpeditionperu.com\/#website"},"primaryImageOfPage":{"@id":"https:\/\/amazonexpeditionperu.com\/es\/tours-diarios-chachapoyas\/#primaryimage"},"image":{"@id":"https:\/\/amazonexpeditionperu.com\/es\/tours-diarios-chachapoyas\/#primaryimage"},"thumbnailUrl":"https:\/\/amazonexpeditionperu.com\/wp-content\/uploads\/2025\/02\/ORD_1904-scaled.jpg","datePublished":"2022-09-09T02:53:26+00:00","dateModified":"2024-04-29T21:50:42+00:00","description":"\u2705 Reserva ahora los mejores Tours Diarios en Chachapoyas. Los Mejores Destinos en el Norte de Per\u00fa. Precios Catarata de Gocta, Ku\u00e9lap y m\u00e1s.","breadcrumb":{"@id":"https:\/\/amazonexpeditionperu.com\/es\/tours-diarios-chachapoyas\/#breadcrumb"},"inLanguage":"es","potentialAction":[{"@type":"ReadAction","target":["https:\/\/amazonexpeditionperu.com\/es\/tours-diarios-chachapoyas\/"]}]},{"@type":"ImageObject","inLanguage":"es","@id":"https:\/\/amazonexpeditionperu.com\/es\/tours-diarios-chachapoyas\/#primaryimage","url":"https:\/\/amazonexpeditionperu.com\/wp-content\/uploads\/2025\/02\/ORD_1904-scaled.jpg","contentUrl":"https:\/\/amazonexpeditionperu.com\/wp-content\/uploads\/2025\/02\/ORD_1904-scaled.jpg"},{"@type":"BreadcrumbList","@id":"https:\/\/amazonexpeditionperu.com\/es\/tours-diarios-chachapoyas\/#breadcrumb","itemListElement":[{"@type":"ListItem","position":1,"name":"Home","item":"https:\/\/amazonexpeditionperu.com\/es\/"},{"@type":"ListItem","position":2,"name":"Tour Diarios Chachapoyas Per\u00fa"}]},{"@type":"WebSite","@id":"https:\/\/amazonexpeditionperu.com\/#website","url":"https:\/\/amazonexpeditionperu.com\/","name":"Amazon Expedition | Peru","description":"Tour Agency","publisher":{"@id":"https:\/\/amazonexpeditionperu.com\/#organization"},"potentialAction":[{"@type":"SearchAction","target":{"@type":"EntryPoint","urlTemplate":"https:\/\/amazonexpeditionperu.com\/?s={search_term_string}"},"query-input":{"@type":"PropertyValueSpecification","valueRequired":true,"valueName":"search_term_string"}}],"inLanguage":"es"},{"@type":"Organization","@id":"https:\/\/amazonexpeditionperu.com\/#organization","name":"Amazon Expedition | Peru","url":"https:\/\/amazonexpeditionperu.com\/","logo":{"@type":"ImageObject","inLanguage":"es","@id":"https:\/\/amazonexpeditionperu.com\/#\/schema\/logo\/image\/","url":"https:\/\/amazonexpeditionperu.com\/wp-content\/uploads\/2021\/03\/logo-amazon-expedition-blanco.png","contentUrl":"https:\/\/amazonexpeditionperu.com\/wp-content\/uploads\/2021\/03\/logo-amazon-expedition-blanco.png","width":297,"height":80,"caption":"Amazon Expedition | Peru"},"image":{"@id":"https:\/\/amazonexpeditionperu.com\/#\/schema\/logo\/image\/"}}]}},"_links":{"self":[{"href":"https:\/\/amazonexpeditionperu.com\/es\/wp-json\/wp\/v2\/pages\/6049","targetHints":{"allow":["GET"]}}],"collection":[{"href":"https:\/\/amazonexpeditionperu.com\/es\/wp-json\/wp\/v2\/pages"}],"about":[{"href":"https:\/\/amazonexpeditionperu.com\/es\/wp-json\/wp\/v2\/types\/page"}],"author":[{"embeddable":true,"href":"https:\/\/amazonexpeditionperu.com\/es\/wp-json\/wp\/v2\/users\/9"}],"replies":[{"embeddable":true,"href":"https:\/\/amazonexpeditionperu.com\/es\/wp-json\/wp\/v2\/comments?post=6049"}],"version-history":[{"count":9,"href":"https:\/\/amazonexpeditionperu.com\/es\/wp-json\/wp\/v2\/pages\/6049\/revisions"}],"predecessor-version":[{"id":7330,"href":"https:\/\/amazonexpeditionperu.com\/es\/wp-json\/wp\/v2\/pages\/6049\/revisions\/7330"}],"wp:featuredmedia":[{"embeddable":true,"href":"https:\/\/amazonexpeditionperu.com\/es\/wp-json\/wp\/v2\/media\/7635"}],"wp:attachment":[{"href":"https:\/\/amazonexpeditionperu.com\/es\/wp-json\/wp\/v2\/media?parent=6049"}],"curies":[{"name":"wp","href":"https:\/\/api.w.org\/{rel}","templated":true}]}}