{"id":6034,"date":"2022-08-10T07:14:56","date_gmt":"2022-08-10T12:14:56","guid":{"rendered":"https:\/\/amazonexpeditionperu.com\/travel\/blog\/"},"modified":"2025-09-12T13:34:08","modified_gmt":"2025-09-12T18:34:08","slug":"blog","status":"publish","type":"page","link":"https:\/\/amazonexpeditionperu.com\/es\/viajes\/blog\/","title":{"rendered":"Blog de Viajes | Chachapoyas, Norte de Per\u00fa"},"content":{"rendered":"<div class=\"wpb-content-wrapper\"><p>[vc_row][vc_column][vc_column_text css=\u00bb\u00bb]<\/p>\n<h1>Las mejores cosas que hacer en Chachapoyas en 2025<\/h1>\n<p>[\/vc_column_text][vc_column_text css=\u00bb\u00bb]Bienvenido al blog de viajes de Per\u00fa, tu gu\u00eda definitiva para vivir una experiencia inolvidable en este fascinante destino. Ya sea que ames la naturaleza, la historia o la aventura, aqu\u00ed encontrar\u00e1s recomendaciones para descubrir lo mejor de Per\u00fa.[\/vc_column_text]<div class=\"widget widget-sidebar \">\t\t\t<div class=\"s-title\">\n\t\t\t<h2><\/h2>\t\t\t<\/div> <div class=\"offers\"><div class=\"row\"><article class=\"post_item one-third\"><div><a href=\"https:\/\/amazonexpeditionperu.com\/es\/turismo-en-amazonas-norte-de-peru\/los-mejores-destinos-del-norte-de-peru\/\" title=\"Los Mejores Destinos del Norte de Per\u00fa para visitar\"><figure><img loading=\"lazy\" decoding=\"async\" width=\"400\" height=\"300\" src=\"https:\/\/amazonexpeditionperu.com\/wp-content\/uploads\/2022\/09\/gp-400x300.jpg\" class=\"attachment-thumbnail size-thumbnail wp-post-image\" alt=\"\" title=\"gp\" \/><\/figure><\/a><div class=\"details \"><div class='item-header'><h3><a href=\"https:\/\/amazonexpeditionperu.com\/es\/turismo-en-amazonas-norte-de-peru\/los-mejores-destinos-del-norte-de-peru\/\" title=\"Los Mejores Destinos del Norte de Per\u00fa para visitar\">Los Mejores Destinos del Norte de Per\u00fa para visitar<\/a><\/h3><\/div><div class='description'>\u00a1Descubre los mejores destinos del norte de Per\u00fa! Si buscas una aventura llena de belleza natural, cultura ancestral y experiencias \u00fanicas, visita: Chachapoyas, Pacaya-Samiria, Tarapoto y la Costa Norte de Per\u00fa.<\/div><div class=\"actions\"><a href=\"https:\/\/amazonexpeditionperu.com\/es\/turismo-en-amazonas-norte-de-peru\/los-mejores-destinos-del-norte-de-peru\/\" title=\"+ info\" class=\" gradient-button\">+ info<\/a><\/div><\/div><\/article><!--\/\/post_item--><article class=\"post_item one-third\"><div><a href=\"https:\/\/amazonexpeditionperu.com\/es\/turismo-en-amazonas-norte-de-peru\/trekking-en-laguna-de-los-condores-precios-y-reservas\/\" title=\"Excursiones a Laguna de los C\u00f3ndores\"><figure><img loading=\"lazy\" decoding=\"async\" width=\"400\" height=\"300\" src=\"https:\/\/amazonexpeditionperu.com\/wp-content\/uploads\/2022\/11\/Trekking-Laguna-de-los-Condores-Amazon-Expedition-400x300.jpg\" class=\"attachment-thumbnail size-thumbnail wp-post-image\" alt=\"Trekking en Laguna de los C\u00f3ndores | Precios y Reservas\" title=\"Trekking en Laguna de los C\u00f3ndores | Precios y Reservas\" \/><\/figure><\/a><div class=\"details \"><div class='item-header'><h3><a href=\"https:\/\/amazonexpeditionperu.com\/es\/turismo-en-amazonas-norte-de-peru\/trekking-en-laguna-de-los-condores-precios-y-reservas\/\" title=\"Excursiones a Laguna de los C\u00f3ndores\">Excursiones a Laguna de los C\u00f3ndores<\/a><\/h3><\/div><div class='description'>Con este Trekking conocer\u00e1s un lugar imperdible, donde se encontr\u00f3 el tesoro arqueol\u00f3gico m\u00e1s importante de Per\u00fa. Los asombrosos paisajes y la historia que rodea al lugar son incre\u00edbles.<\/div><div class=\"actions\"><a href=\"https:\/\/amazonexpeditionperu.com\/es\/turismo-en-amazonas-norte-de-peru\/trekking-en-laguna-de-los-condores-precios-y-reservas\/\" title=\"+ info\" class=\" gradient-button\">+ info<\/a><\/div><\/div><\/article><!--\/\/post_item--><article class=\"post_item one-third\"><div><a href=\"https:\/\/amazonexpeditionperu.com\/es\/selva-amazonica\/tours-reserva-nacional-pacaya-samiria-precios-y-reservas\/\" title=\"Tours en Reserva Nacional Pacaya Samiria\"><figure><img loading=\"lazy\" decoding=\"async\" width=\"400\" height=\"300\" src=\"https:\/\/amazonexpeditionperu.com\/wp-content\/uploads\/2022\/10\/Pacaya-Samiria-1-400x300.jpg\" class=\"attachment-thumbnail size-thumbnail wp-post-image\" alt=\"Tours en Reserva Nacional Pacaya Samiria | Precios y Reservas\" title=\"Tours en Reserva Nacional Pacaya Samiria | Precios y Reservas\" \/><\/figure><\/a><div class=\"details \"><div class='item-header'><h3><a href=\"https:\/\/amazonexpeditionperu.com\/es\/selva-amazonica\/tours-reserva-nacional-pacaya-samiria-precios-y-reservas\/\" title=\"Tours en Reserva Nacional Pacaya Samiria\">Tours en Reserva Nacional Pacaya Samiria<\/a><\/h3><\/div><div class='description'>Ofrecemos tours de entre 3 y 13 d\u00edas para conocer la selva peruana. Mientras m\u00e1s tiempo tengas para explorar y adentrarte en esta reserva nacional, m\u00e1s flora y fauna impresionante encontrar\u00e1s \u00a1Reserva ahora!<\/div><div class=\"actions\"><a href=\"https:\/\/amazonexpeditionperu.com\/es\/selva-amazonica\/tours-reserva-nacional-pacaya-samiria-precios-y-reservas\/\" title=\"+ info\" class=\" gradient-button\">+ info<\/a><\/div><\/div><\/article><!--\/\/post_item--><article class=\"post_item one-third\"><div><a href=\"https:\/\/amazonexpeditionperu.com\/es\/turismo-en-amazonas-norte-de-peru\/los-mejores-paquetes-turisticos-para-reservar\/\" title=\"Los Mejores Paquetes Tur\u00edsticos\"><figure><img loading=\"lazy\" decoding=\"async\" width=\"400\" height=\"300\" src=\"https:\/\/amazonexpeditionperu.com\/wp-content\/uploads\/2022\/10\/Paquetes-Turisticos-400x300.jpg\" class=\"attachment-thumbnail size-thumbnail wp-post-image\" alt=\"Paquetes Tur\u00edsticos en Chachapoyas | Amazon Expedition\" title=\"Paquetes Tur\u00edsticos en Chachapoyas | Amazon Expedition\" \/><\/figure><\/a><div class=\"details \"><div class='item-header'><h3><a href=\"https:\/\/amazonexpeditionperu.com\/es\/turismo-en-amazonas-norte-de-peru\/los-mejores-paquetes-turisticos-para-reservar\/\" title=\"Los Mejores Paquetes Tur\u00edsticos\">Los Mejores Paquetes Tur\u00edsticos<\/a><\/h3><\/div><div class='description'>Contamos con las mejores ofertas para una gran variedad de atractivos tur\u00edsticos en Chachapoyas para que puedas elegir el que m\u00e1s te guste para disfrutar de tus vacaciones. Reserva paquetes de viajes econ\u00f3micos.<\/div><div class=\"actions\"><a href=\"https:\/\/amazonexpeditionperu.com\/es\/turismo-en-amazonas-norte-de-peru\/los-mejores-paquetes-turisticos-para-reservar\/\" title=\"+ info\" class=\" gradient-button\">+ info<\/a><\/div><\/div><\/article><!--\/\/post_item--><article class=\"post_item one-third\"><div><a href=\"https:\/\/amazonexpeditionperu.com\/es\/turismo-en-amazonas-norte-de-peru\/tours-a-kuelap-precios-reservas-en-chachapoyas\/\" title=\"Tours a Kuelap | Precios en Chachapoyas\"><figure><img loading=\"lazy\" decoding=\"async\" width=\"400\" height=\"300\" src=\"https:\/\/amazonexpeditionperu.com\/wp-content\/uploads\/2022\/10\/kuelap-amazon-exp-1-400x300.jpg\" class=\"attachment-thumbnail size-thumbnail wp-post-image\" alt=\"\" title=\"Tours a Kuelap - Precios en Chachapoyas - Amazon Expedition\" \/><\/figure><\/a><div class=\"details \"><div class='item-header'><h3><a href=\"https:\/\/amazonexpeditionperu.com\/es\/turismo-en-amazonas-norte-de-peru\/tours-a-kuelap-precios-reservas-en-chachapoyas\/\" title=\"Tours a Kuelap | Precios en Chachapoyas\">Tours a Kuelap | Precios en Chachapoyas<\/a><\/h3><\/div><div class='description'>La fortaleza de Ku\u00e9lap localizada en el departamento de Amazonas es considerada una de las construcciones arqueol\u00f3gicas m\u00e1s importantes de toda la selva monta\u00f1osa peruana. \u00bfTodav\u00eda no la conoces?<\/div><div class=\"actions\"><a href=\"https:\/\/amazonexpeditionperu.com\/es\/turismo-en-amazonas-norte-de-peru\/tours-a-kuelap-precios-reservas-en-chachapoyas\/\" title=\"+ info\" class=\" gradient-button\">+ info<\/a><\/div><\/div><\/article><!--\/\/post_item--><article class=\"post_item one-third\"><div><a href=\"https:\/\/amazonexpeditionperu.com\/es\/arqueologia\/descubrimientos-huaca-de-la-luna\/\" title=\"Huaca de La Luna Trujillo | Hallazgo 2022\"><figure><img loading=\"lazy\" decoding=\"async\" width=\"400\" height=\"300\" src=\"https:\/\/amazonexpeditionperu.com\/wp-content\/uploads\/2022\/10\/Tours-a-Huacas-del-Sol-y-La-Luna-Amazon-Expedition-400x300.jpg\" class=\"attachment-thumbnail size-thumbnail wp-post-image\" alt=\"Tours a Huacas del Sol y La Luna - Amazon Expedition\" title=\"Tours a Huacas del Sol y La Luna - Amazon Expedition\" srcset=\"https:\/\/amazonexpeditionperu.com\/wp-content\/uploads\/2022\/10\/Tours-a-Huacas-del-Sol-y-La-Luna-Amazon-Expedition-400x300.jpg 400w, https:\/\/amazonexpeditionperu.com\/wp-content\/uploads\/2022\/10\/Tours-a-Huacas-del-Sol-y-La-Luna-Amazon-Expedition-300x225.jpg 300w, https:\/\/amazonexpeditionperu.com\/wp-content\/uploads\/2022\/10\/Tours-a-Huacas-del-Sol-y-La-Luna-Amazon-Expedition-768x576.jpg 768w, https:\/\/amazonexpeditionperu.com\/wp-content\/uploads\/2022\/10\/Tours-a-Huacas-del-Sol-y-La-Luna-Amazon-Expedition-600x450.jpg 600w, https:\/\/amazonexpeditionperu.com\/wp-content\/uploads\/2022\/10\/Tours-a-Huacas-del-Sol-y-La-Luna-Amazon-Expedition.jpg 800w\" sizes=\"auto, (max-width: 400px) 100vw, 400px\" \/><\/figure><\/a><div class=\"details \"><div class='item-header'><h3><a href=\"https:\/\/amazonexpeditionperu.com\/es\/arqueologia\/descubrimientos-huaca-de-la-luna\/\" title=\"Huaca de La Luna Trujillo | Hallazgo 2022\">Huaca de La Luna Trujillo | Hallazgo 2022<\/a><\/h3><\/div><div class='description'>Hallan Tumba de hace 1400 a\u00f1os en Huaca de La Luna, Trujillo. Restos humanos que datan del a\u00f1o 600 a.C. fueron encontrados enterrados con ofrendas de vasijas finas y metales, en la huaca de La Luna, Trujillo.<\/div><div class=\"actions\"><a href=\"https:\/\/amazonexpeditionperu.com\/es\/arqueologia\/descubrimientos-huaca-de-la-luna\/\" title=\"+ info\" class=\" gradient-button\">+ info<\/a><\/div><\/div><\/article><!--\/\/post_item--><\/div><!--row--><\/div><!--offers--><\/div>[\/vc_column][\/vc_row][vc_row css=\u00bb.vc_custom_1662961882735{margin-top: 40px !important;}\u00bb][vc_column][vc_column_text]<\/p>\n<h2>Amazon Expedition &#8211; Agencia de Turismo en Chachapoyas<\/h2>\n<p>[\/vc_column_text][vc_gmaps link=\u00bb#E-8_JTNDaWZyYW1lJTIwc3R5bGUlM0QlMjJib3JkZXIlM0ElMjAwJTNCJTIyJTIwdGFiaW5kZXglM0QlMjIwJTIyJTIwc3JjJTNEJTIyaHR0cHMlM0ElMkYlMkZ3d3cuZ29vZ2xlLmNvbSUyRm1hcHMlMkZlbWJlZCUzRnBiJTNEJTIxMW0xOCUyMTFtMTIlMjExbTMlMjExZDM5NjYuMjU3Njg0ODc1MyUyMTJkLTc3Ljg3MzEyMDM4NTM0MzY0JTIxM2QtNi4yMjk3MTk4NjI3NDM1NzglMjEybTMlMjExZjAlMjEyZjAlMjEzZjAlMjEzbTIlMjExaTEwMjQlMjEyaTc2OCUyMTRmMTMuMSUyMTNtMyUyMTFtMiUyMTFzMHg5MWI2YWIwNjcxMjliMWUzJTI1M0EweDI5ZWVhMzgzNzVkODYyN2YlMjEyc0FtYXpvbiUyNTIwRXhwZWRpdGlvbiUyNTIwUGVydSUyMTVlMCUyMTNtMiUyMTFzZW4lMjEyc25pJTIxNHYxNTg0MTYyNzI1ODE4JTIxNW0yJTIxMXNlbiUyMTJzbmklMjIlMjB3aWR0aCUzRCUyMjEwMCUyNSUyMiUyMGhlaWdodCUzRCUyMjQ1MCUyMiUyMGZyYW1lYm9yZGVyJTNEJTIyMCUyMiUyMGFsbG93ZnVsbHNjcmVlbiUzRCUyMmFsbG93ZnVsbHNjcmVlbiUyMiUyMGFyaWEtaGlkZGVuJTNEJTIyZmFsc2UlMjIlM0UlM0MlMkZpZnJhbWUlM0U=\u00bb][\/vc_column][\/vc_row]<\/p>\n<\/div>","protected":false},"excerpt":{"rendered":"<p>[vc_row][vc_column][vc_column_text css=\u00bb\u00bb] Las mejores cosas que hacer en Chachapoyas en 2025 [\/vc_column_text][vc_column_text css=\u00bb\u00bb]Bienvenido al blog de viajes de Per\u00fa, tu gu\u00eda definitiva para vivir una experiencia inolvidable en este fascinante destino. Ya sea que ames la naturaleza, la historia o la aventura, aqu\u00ed encontrar\u00e1s recomendaciones para descubrir lo mejor de Per\u00fa.[\/vc_column_text][\/vc_column][\/vc_row][vc_row css=\u00bb.vc_custom_1662961882735{margin-top: 40px !important;}\u00bb][vc_column][vc_column_text] Amazon [&hellip;]<\/p>\n","protected":false},"author":9,"featured_media":4482,"parent":6033,"menu_order":0,"comment_status":"closed","ping_status":"closed","template":"","meta":{"footnotes":""},"class_list":["post-6034","page","type-page","status-publish","has-post-thumbnail","hentry"],"yoast_head":"<!-- This site is optimized with the Yoast SEO plugin v26.1.1 - https:\/\/yoast.com\/wordpress\/plugins\/seo\/ -->\n<title>Lugares para Visitar en Chachapoyas y el Norte de Per\u00fa<\/title>\n<meta name=\"description\" content=\"\u2705 Blog de viajes de Per\u00fa, tu gu\u00eda definitiva para vivir una experiencia inolvidable en este fascinante destino. Ya sea que ames la naturaleza, la historia o la aventura, aqu\u00ed encontrar\u00e1s recomendaciones para descubrir lo mejor de Per\u00fa.\" \/>\n<meta name=\"robots\" content=\"index, follow, max-snippet:-1, max-image-preview:large, max-video-preview:-1\" \/>\n<link rel=\"canonical\" href=\"https:\/\/amazonexpeditionperu.com\/es\/viajes\/blog\/\" \/>\n<meta property=\"og:locale\" content=\"es_ES\" \/>\n<meta property=\"og:type\" content=\"article\" \/>\n<meta property=\"og:title\" content=\"Lugares para Visitar en Chachapoyas y el Norte de Per\u00fa\" \/>\n<meta property=\"og:description\" content=\"\u2705 Blog de viajes de Per\u00fa, tu gu\u00eda definitiva para vivir una experiencia inolvidable en este fascinante destino. Ya sea que ames la naturaleza, la historia o la aventura, aqu\u00ed encontrar\u00e1s recomendaciones para descubrir lo mejor de Per\u00fa.\" \/>\n<meta property=\"og:url\" content=\"https:\/\/amazonexpeditionperu.com\/es\/viajes\/blog\/\" \/>\n<meta property=\"og:site_name\" content=\"Amazon Expedition | Peru\" \/>\n<meta property=\"article:modified_time\" content=\"2025-09-12T18:34:08+00:00\" \/>\n<meta property=\"og:image\" content=\"https:\/\/amazonexpeditionperu.com\/wp-content\/uploads\/2020\/03\/banner-blog.jpg\" \/>\n\t<meta property=\"og:image:width\" content=\"1440\" \/>\n\t<meta property=\"og:image:height\" content=\"550\" \/>\n\t<meta property=\"og:image:type\" content=\"image\/jpeg\" \/>\n<meta name=\"twitter:card\" content=\"summary_large_image\" \/>\n<meta name=\"twitter:label1\" content=\"Tiempo de lectura\" \/>\n\t<meta name=\"twitter:data1\" content=\"1 minuto\" \/>\n<script type=\"application\/ld+json\" class=\"yoast-schema-graph\">{\"@context\":\"https:\/\/schema.org\",\"@graph\":[{\"@type\":\"WebPage\",\"@id\":\"https:\/\/amazonexpeditionperu.com\/es\/viajes\/blog\/\",\"url\":\"https:\/\/amazonexpeditionperu.com\/es\/viajes\/blog\/\",\"name\":\"Lugares para Visitar en Chachapoyas y el Norte de Per\u00fa\",\"isPartOf\":{\"@id\":\"https:\/\/amazonexpeditionperu.com\/#website\"},\"primaryImageOfPage\":{\"@id\":\"https:\/\/amazonexpeditionperu.com\/es\/viajes\/blog\/#primaryimage\"},\"image\":{\"@id\":\"https:\/\/amazonexpeditionperu.com\/es\/viajes\/blog\/#primaryimage\"},\"thumbnailUrl\":\"https:\/\/amazonexpeditionperu.com\/wp-content\/uploads\/2020\/03\/banner-blog.jpg\",\"datePublished\":\"2022-08-10T12:14:56+00:00\",\"dateModified\":\"2025-09-12T18:34:08+00:00\",\"description\":\"\u2705 Blog de viajes de Per\u00fa, tu gu\u00eda definitiva para vivir una experiencia inolvidable en este fascinante destino. Ya sea que ames la naturaleza, la historia o la aventura, aqu\u00ed encontrar\u00e1s recomendaciones para descubrir lo mejor de Per\u00fa.\",\"breadcrumb\":{\"@id\":\"https:\/\/amazonexpeditionperu.com\/es\/viajes\/blog\/#breadcrumb\"},\"inLanguage\":\"es\",\"potentialAction\":[{\"@type\":\"ReadAction\",\"target\":[\"https:\/\/amazonexpeditionperu.com\/es\/viajes\/blog\/\"]}]},{\"@type\":\"ImageObject\",\"inLanguage\":\"es\",\"@id\":\"https:\/\/amazonexpeditionperu.com\/es\/viajes\/blog\/#primaryimage\",\"url\":\"https:\/\/amazonexpeditionperu.com\/wp-content\/uploads\/2020\/03\/banner-blog.jpg\",\"contentUrl\":\"https:\/\/amazonexpeditionperu.com\/wp-content\/uploads\/2020\/03\/banner-blog.jpg\",\"width\":1440,\"height\":550},{\"@type\":\"BreadcrumbList\",\"@id\":\"https:\/\/amazonexpeditionperu.com\/es\/viajes\/blog\/#breadcrumb\",\"itemListElement\":[{\"@type\":\"ListItem\",\"position\":1,\"name\":\"Home\",\"item\":\"https:\/\/amazonexpeditionperu.com\/es\/\"},{\"@type\":\"ListItem\",\"position\":2,\"name\":\"Travel Blog\",\"item\":\"https:\/\/amazonexpeditionperu.com\/es\/viajes\/\"},{\"@type\":\"ListItem\",\"position\":3,\"name\":\"Blog de Viajes | Chachapoyas, Norte de Per\u00fa\"}]},{\"@type\":\"WebSite\",\"@id\":\"https:\/\/amazonexpeditionperu.com\/#website\",\"url\":\"https:\/\/amazonexpeditionperu.com\/\",\"name\":\"Amazon Expedition | Peru\",\"description\":\"Tour Agency\",\"publisher\":{\"@id\":\"https:\/\/amazonexpeditionperu.com\/#organization\"},\"potentialAction\":[{\"@type\":\"SearchAction\",\"target\":{\"@type\":\"EntryPoint\",\"urlTemplate\":\"https:\/\/amazonexpeditionperu.com\/?s={search_term_string}\"},\"query-input\":{\"@type\":\"PropertyValueSpecification\",\"valueRequired\":true,\"valueName\":\"search_term_string\"}}],\"inLanguage\":\"es\"},{\"@type\":\"Organization\",\"@id\":\"https:\/\/amazonexpeditionperu.com\/#organization\",\"name\":\"Amazon Expedition | Peru\",\"url\":\"https:\/\/amazonexpeditionperu.com\/\",\"logo\":{\"@type\":\"ImageObject\",\"inLanguage\":\"es\",\"@id\":\"https:\/\/amazonexpeditionperu.com\/#\/schema\/logo\/image\/\",\"url\":\"https:\/\/amazonexpeditionperu.com\/wp-content\/uploads\/2021\/03\/logo-amazon-expedition-blanco.png\",\"contentUrl\":\"https:\/\/amazonexpeditionperu.com\/wp-content\/uploads\/2021\/03\/logo-amazon-expedition-blanco.png\",\"width\":297,\"height\":80,\"caption\":\"Amazon Expedition | Peru\"},\"image\":{\"@id\":\"https:\/\/amazonexpeditionperu.com\/#\/schema\/logo\/image\/\"}}]}<\/script>\n<!-- \/ Yoast SEO plugin. -->","yoast_head_json":{"title":"Lugares para Visitar en Chachapoyas y el Norte de Per\u00fa","description":"\u2705 Blog de viajes de Per\u00fa, tu gu\u00eda definitiva para vivir una experiencia inolvidable en este fascinante destino. Ya sea que ames la naturaleza, la historia o la aventura, aqu\u00ed encontrar\u00e1s recomendaciones para descubrir lo mejor de Per\u00fa.","robots":{"index":"index","follow":"follow","max-snippet":"max-snippet:-1","max-image-preview":"max-image-preview:large","max-video-preview":"max-video-preview:-1"},"canonical":"https:\/\/amazonexpeditionperu.com\/es\/viajes\/blog\/","og_locale":"es_ES","og_type":"article","og_title":"Lugares para Visitar en Chachapoyas y el Norte de Per\u00fa","og_description":"\u2705 Blog de viajes de Per\u00fa, tu gu\u00eda definitiva para vivir una experiencia inolvidable en este fascinante destino. Ya sea que ames la naturaleza, la historia o la aventura, aqu\u00ed encontrar\u00e1s recomendaciones para descubrir lo mejor de Per\u00fa.","og_url":"https:\/\/amazonexpeditionperu.com\/es\/viajes\/blog\/","og_site_name":"Amazon Expedition | Peru","article_modified_time":"2025-09-12T18:34:08+00:00","og_image":[{"width":1440,"height":550,"url":"https:\/\/amazonexpeditionperu.com\/wp-content\/uploads\/2020\/03\/banner-blog.jpg","type":"image\/jpeg"}],"twitter_card":"summary_large_image","twitter_misc":{"Tiempo de lectura":"1 minuto"},"schema":{"@context":"https:\/\/schema.org","@graph":[{"@type":"WebPage","@id":"https:\/\/amazonexpeditionperu.com\/es\/viajes\/blog\/","url":"https:\/\/amazonexpeditionperu.com\/es\/viajes\/blog\/","name":"Lugares para Visitar en Chachapoyas y el Norte de Per\u00fa","isPartOf":{"@id":"https:\/\/amazonexpeditionperu.com\/#website"},"primaryImageOfPage":{"@id":"https:\/\/amazonexpeditionperu.com\/es\/viajes\/blog\/#primaryimage"},"image":{"@id":"https:\/\/amazonexpeditionperu.com\/es\/viajes\/blog\/#primaryimage"},"thumbnailUrl":"https:\/\/amazonexpeditionperu.com\/wp-content\/uploads\/2020\/03\/banner-blog.jpg","datePublished":"2022-08-10T12:14:56+00:00","dateModified":"2025-09-12T18:34:08+00:00","description":"\u2705 Blog de viajes de Per\u00fa, tu gu\u00eda definitiva para vivir una experiencia inolvidable en este fascinante destino. Ya sea que ames la naturaleza, la historia o la aventura, aqu\u00ed encontrar\u00e1s recomendaciones para descubrir lo mejor de Per\u00fa.","breadcrumb":{"@id":"https:\/\/amazonexpeditionperu.com\/es\/viajes\/blog\/#breadcrumb"},"inLanguage":"es","potentialAction":[{"@type":"ReadAction","target":["https:\/\/amazonexpeditionperu.com\/es\/viajes\/blog\/"]}]},{"@type":"ImageObject","inLanguage":"es","@id":"https:\/\/amazonexpeditionperu.com\/es\/viajes\/blog\/#primaryimage","url":"https:\/\/amazonexpeditionperu.com\/wp-content\/uploads\/2020\/03\/banner-blog.jpg","contentUrl":"https:\/\/amazonexpeditionperu.com\/wp-content\/uploads\/2020\/03\/banner-blog.jpg","width":1440,"height":550},{"@type":"BreadcrumbList","@id":"https:\/\/amazonexpeditionperu.com\/es\/viajes\/blog\/#breadcrumb","itemListElement":[{"@type":"ListItem","position":1,"name":"Home","item":"https:\/\/amazonexpeditionperu.com\/es\/"},{"@type":"ListItem","position":2,"name":"Travel Blog","item":"https:\/\/amazonexpeditionperu.com\/es\/viajes\/"},{"@type":"ListItem","position":3,"name":"Blog de Viajes | Chachapoyas, Norte de Per\u00fa"}]},{"@type":"WebSite","@id":"https:\/\/amazonexpeditionperu.com\/#website","url":"https:\/\/amazonexpeditionperu.com\/","name":"Amazon Expedition | Peru","description":"Tour Agency","publisher":{"@id":"https:\/\/amazonexpeditionperu.com\/#organization"},"potentialAction":[{"@type":"SearchAction","target":{"@type":"EntryPoint","urlTemplate":"https:\/\/amazonexpeditionperu.com\/?s={search_term_string}"},"query-input":{"@type":"PropertyValueSpecification","valueRequired":true,"valueName":"search_term_string"}}],"inLanguage":"es"},{"@type":"Organization","@id":"https:\/\/amazonexpeditionperu.com\/#organization","name":"Amazon Expedition | Peru","url":"https:\/\/amazonexpeditionperu.com\/","logo":{"@type":"ImageObject","inLanguage":"es","@id":"https:\/\/amazonexpeditionperu.com\/#\/schema\/logo\/image\/","url":"https:\/\/amazonexpeditionperu.com\/wp-content\/uploads\/2021\/03\/logo-amazon-expedition-blanco.png","contentUrl":"https:\/\/amazonexpeditionperu.com\/wp-content\/uploads\/2021\/03\/logo-amazon-expedition-blanco.png","width":297,"height":80,"caption":"Amazon Expedition | Peru"},"image":{"@id":"https:\/\/amazonexpeditionperu.com\/#\/schema\/logo\/image\/"}}]}},"_links":{"self":[{"href":"https:\/\/amazonexpeditionperu.com\/es\/wp-json\/wp\/v2\/pages\/6034","targetHints":{"allow":["GET"]}}],"collection":[{"href":"https:\/\/amazonexpeditionperu.com\/es\/wp-json\/wp\/v2\/pages"}],"about":[{"href":"https:\/\/amazonexpeditionperu.com\/es\/wp-json\/wp\/v2\/types\/page"}],"author":[{"embeddable":true,"href":"https:\/\/amazonexpeditionperu.com\/es\/wp-json\/wp\/v2\/users\/9"}],"replies":[{"embeddable":true,"href":"https:\/\/amazonexpeditionperu.com\/es\/wp-json\/wp\/v2\/comments?post=6034"}],"version-history":[{"count":15,"href":"https:\/\/amazonexpeditionperu.com\/es\/wp-json\/wp\/v2\/pages\/6034\/revisions"}],"predecessor-version":[{"id":8308,"href":"https:\/\/amazonexpeditionperu.com\/es\/wp-json\/wp\/v2\/pages\/6034\/revisions\/8308"}],"up":[{"embeddable":true,"href":"https:\/\/amazonexpeditionperu.com\/es\/wp-json\/wp\/v2\/pages\/6033"}],"wp:featuredmedia":[{"embeddable":true,"href":"https:\/\/amazonexpeditionperu.com\/es\/wp-json\/wp\/v2\/media\/4482"}],"wp:attachment":[{"href":"https:\/\/amazonexpeditionperu.com\/es\/wp-json\/wp\/v2\/media?parent=6034"}],"curies":[{"name":"wp","href":"https:\/\/api.w.org\/{rel}","templated":true}]}}