{"id":4797,"date":"2016-12-27T10:12:49","date_gmt":"2016-12-27T10:12:49","guid":{"rendered":"https:\/\/amazonexpeditionperu.com\/home\/"},"modified":"2022-09-02T11:24:03","modified_gmt":"2022-09-02T16:24:03","slug":"inicio","status":"publish","type":"page","link":"https:\/\/amazonexpeditionperu.com\/es\/inicio\/","title":{"rendered":"Los mejores Tours en Chachapoyas"},"content":{"rendered":"<div  class=\"one withsmallpadding ppb_header \" style=\"text-align:left;padding:30px 0 30px 0;\" >\n<div class=\"standard_wrapper\">\n<div class=\"page_content_wrapper\">\n<div class=\"inner\">\n<div style=\"margin:auto;width:100%\">\n<h2 class=\"ppb_title\" style=\"\">Paquetes Tur\u00edsticos en la Regi\u00f3n Amaz\u00f3nica de Per\u00fa<\/h2>\n<\/div>\n<\/div>\n<\/div>\n<\/div>\n<\/div>\n<div  class=\"one withsmallpadding ppb_header \" style=\"text-align:left;padding:30px 0 30px 0;\" >\n<div class=\"standard_wrapper\">\n<div class=\"page_content_wrapper\">\n<div class=\"inner\">\n<div style=\"margin:auto;width:100%\">\n<h2 class=\"ppb_title\" style=\"\">Paquetes Tur\u00edsticos en la Regi\u00f3n Amaz\u00f3nica de Per\u00fa<\/h2>\n<\/div>\n<\/div>\n<\/div>\n<\/div>\n<\/div>\n<div  class=\"one withsmallpadding ppb_header \" style=\"text-align:left;padding:30px 0 30px 0;\" >\n<div class=\"standard_wrapper\">\n<div class=\"page_content_wrapper\">\n<div class=\"inner\">\n<div style=\"margin:auto;width:100%\">\n<h2 class=\"ppb_title\" style=\"\">Paquetes Tur\u00edsticos en la Regi\u00f3n Amaz\u00f3nica de Per\u00fa<\/h2>\n<\/div>\n<\/div>\n<\/div>\n<\/div>\n<\/div>\n<div  class=\"one withsmallpadding ppb_header \" style=\"text-align:left;padding:30px 0 30px 0;\" >\n<div class=\"standard_wrapper\">\n<div class=\"page_content_wrapper\">\n<div class=\"inner\">\n<div style=\"margin:auto;width:100%\">\n<h2 class=\"ppb_title\" style=\"\">Las Mejores Rutas de Trekking en Per\u00fa<\/h2>\n<\/div>\n<\/div>\n<\/div>\n<\/div>\n<\/div>\n<div  class=\"one withsmallpadding ppb_header \" style=\"text-align:left;padding:30px 0 30px 0;\" >\n<div class=\"standard_wrapper\">\n<div class=\"page_content_wrapper\">\n<div class=\"inner\">\n<div style=\"margin:auto;width:100%\">\n<h2 class=\"ppb_title\" style=\"\">Las Mejores Rutas de Trekking en Per\u00fa<\/h2>\n<\/div>\n<\/div>\n<\/div>\n<\/div>\n<\/div>\n<div  class=\"one withsmallpadding ppb_header \" style=\"text-align:left;padding:30px 0 30px 0;\" >\n<div class=\"standard_wrapper\">\n<div class=\"page_content_wrapper\">\n<div class=\"inner\">\n<div style=\"margin:auto;width:100%\">\n<h2 class=\"ppb_title\" style=\"\">Los Mejores Atractivos del Norte de Per\u00fa<\/h2>\n<\/div>\n<\/div>\n<\/div>\n<\/div>\n<\/div>\n<div  class=\"one withsmallpadding ppb_header \" style=\"text-align:left;padding:30px 0 30px 0;\" >\n<div class=\"standard_wrapper\">\n<div class=\"page_content_wrapper\">\n<div class=\"inner\">\n<div style=\"margin:auto;width:100%\">\n<h2 class=\"ppb_title\" style=\"\">Los Mejores Atractivos del Norte de Per\u00fa<\/h2>\n<\/div>\n<\/div>\n<\/div>\n<\/div>\n<\/div>\n<div  class=\"one withsmallpadding ppb_header \" style=\"text-align:left;padding:30px 0 30px 0;\" >\n<div class=\"standard_wrapper\">\n<div class=\"page_content_wrapper\">\n<div class=\"inner\">\n<div style=\"margin:auto;width:100%\">\n<h2 class=\"ppb_title\" style=\"\">Tours Diarios en la regi\u00f3n de Amazonas, Per\u00fa<\/h2>\n<\/div>\n<\/div>\n<\/div>\n<\/div>\n<\/div>\n<div  class=\"one withsmallpadding ppb_header \" style=\"text-align:left;padding:30px 0 30px 0;\" >\n<div class=\"standard_wrapper\">\n<div class=\"page_content_wrapper\">\n<div class=\"inner\">\n<div style=\"margin:auto;width:100%\">\n<h2 class=\"ppb_title\" style=\"\">Tours Diarios en la regi\u00f3n de Amazonas, Per\u00fa<\/h2>\n<\/div>\n<\/div>\n<\/div>\n<\/div>\n<\/div>\n<div  class=\"one withsmallpadding ppb_header \" style=\"text-align:left;padding:30px 0 30px 0;\" >\n<div class=\"standard_wrapper\">\n<div class=\"page_content_wrapper\">\n<div class=\"inner\">\n<div style=\"margin:auto;width:100%\">\n<h2 class=\"ppb_title\" style=\"\">Tours Diarios en la regi\u00f3n de Amazonas, Per\u00fa<\/h2>\n<\/div>\n<\/div>\n<\/div>\n<\/div>\n<\/div>\n<div  class=\"one withsmallpadding ppb_header \" style=\"text-align:left;padding:30px 0 30px 0;\" >\n<div class=\"standard_wrapper\">\n<div class=\"page_content_wrapper\">\n<div class=\"inner\">\n<div style=\"margin:auto;width:100%\">\n<h2 class=\"ppb_title\" style=\"\">Blog de Viajes<\/h2>\n<\/div>\n<\/div>\n<\/div>\n<\/div>\n<\/div>\n<div  class=\"one withsmallpadding ppb_header \" style=\"text-align:left;padding:30px 0 30px 0;\" >\n<div class=\"standard_wrapper\">\n<div class=\"page_content_wrapper\">\n<div class=\"inner\">\n<div style=\"margin:auto;width:100%\">\n<h2 class=\"ppb_title\" style=\"\">Blog de Viajes<\/h2>\n<\/div>\n<\/div>\n<\/div>\n<\/div>\n<\/div>\n","protected":false},"excerpt":{"rendered":"<p>Paquetes Tur\u00edsticos en la Regi\u00f3n Amaz\u00f3nica de Per\u00fa Paquetes Tur\u00edsticos en la Regi\u00f3n Amaz\u00f3nica de Per\u00fa Paquetes Tur\u00edsticos en la Regi\u00f3n Amaz\u00f3nica de Per\u00fa Las Mejores Rutas de Trekking en Per\u00fa Las Mejores Rutas de Trekking en Per\u00fa Los Mejores Atractivos del Norte de Per\u00fa Los Mejores Atractivos del Norte de Per\u00fa Tours Diarios en [&hellip;]<\/p>\n","protected":false},"author":9,"featured_media":5182,"parent":0,"menu_order":0,"comment_status":"closed","ping_status":"closed","template":"","meta":{"footnotes":""},"class_list":["post-4797","page","type-page","status-publish","has-post-thumbnail","hentry"],"yoast_head":"<!-- This site is optimized with the Yoast SEO plugin v26.1.1 - https:\/\/yoast.com\/wordpress\/plugins\/seo\/ -->\n<title>Los Mejores Destinos Tur\u00edsticos de la Reg\u00edon de Amazonas, Per\u00fa<\/title>\n<meta name=\"description\" content=\"Reserva Los mejores Tours en Chachapoyas: Ku\u00e9lap, Gocta, Caverna de Quiocta, Laguna de los C\u00f3ndores, Pacaya Samiria. Precios 2022\/2023.\" \/>\n<meta name=\"robots\" content=\"index, follow, max-snippet:-1, max-image-preview:large, max-video-preview:-1\" \/>\n<link rel=\"canonical\" href=\"https:\/\/amazonexpeditionperu.com\/home\/\" \/>\n<meta property=\"og:locale\" content=\"es_ES\" \/>\n<meta property=\"og:type\" content=\"article\" \/>\n<meta property=\"og:title\" content=\"Los Mejores Destinos Tur\u00edsticos de la Reg\u00edon de Amazonas, Per\u00fa\" \/>\n<meta property=\"og:description\" content=\"Reserva Los mejores Tours en Chachapoyas: Ku\u00e9lap, Gocta, Caverna de Quiocta, Laguna de los C\u00f3ndores, Pacaya Samiria. Precios 2022\/2023.\" \/>\n<meta property=\"og:url\" content=\"https:\/\/amazonexpeditionperu.com\/home\/\" \/>\n<meta property=\"og:site_name\" content=\"Amazon Expedition | Peru\" \/>\n<meta property=\"article:modified_time\" content=\"2022-09-02T16:24:03+00:00\" \/>\n<meta property=\"og:image\" content=\"https:\/\/amazonexpeditionperu.com\/wp-content\/uploads\/2020\/03\/banner-about-2.jpg\" \/>\n\t<meta property=\"og:image:width\" content=\"1440\" \/>\n\t<meta property=\"og:image:height\" content=\"550\" \/>\n\t<meta property=\"og:image:type\" content=\"image\/jpeg\" \/>\n<meta name=\"twitter:card\" content=\"summary_large_image\" \/>\n<meta name=\"twitter:label1\" content=\"Tiempo de lectura\" \/>\n\t<meta name=\"twitter:data1\" content=\"5 minutos\" \/>\n<script type=\"application\/ld+json\" class=\"yoast-schema-graph\">{\"@context\":\"https:\/\/schema.org\",\"@graph\":[{\"@type\":\"WebPage\",\"@id\":\"https:\/\/amazonexpeditionperu.com\/home\/\",\"url\":\"https:\/\/amazonexpeditionperu.com\/home\/\",\"name\":\"Los Mejores Destinos Tur\u00edsticos de la Reg\u00edon de Amazonas, Per\u00fa\",\"isPartOf\":{\"@id\":\"https:\/\/amazonexpeditionperu.com\/#website\"},\"primaryImageOfPage\":{\"@id\":\"https:\/\/amazonexpeditionperu.com\/home\/#primaryimage\"},\"image\":{\"@id\":\"https:\/\/amazonexpeditionperu.com\/home\/#primaryimage\"},\"thumbnailUrl\":\"https:\/\/amazonexpeditionperu.com\/wp-content\/uploads\/2020\/03\/kuelap-peru.jpg\",\"datePublished\":\"2016-12-27T10:12:49+00:00\",\"dateModified\":\"2022-09-02T16:24:03+00:00\",\"description\":\"Reserva Los mejores Tours en Chachapoyas: Ku\u00e9lap, Gocta, Caverna de Quiocta, Laguna de los C\u00f3ndores, Pacaya Samiria. Precios 2022\/2023.\",\"breadcrumb\":{\"@id\":\"https:\/\/amazonexpeditionperu.com\/home\/#breadcrumb\"},\"inLanguage\":\"es\",\"potentialAction\":[{\"@type\":\"ReadAction\",\"target\":[\"https:\/\/amazonexpeditionperu.com\/home\/\"]}]},{\"@type\":\"ImageObject\",\"inLanguage\":\"es\",\"@id\":\"https:\/\/amazonexpeditionperu.com\/home\/#primaryimage\",\"url\":\"https:\/\/amazonexpeditionperu.com\/wp-content\/uploads\/2020\/03\/kuelap-peru.jpg\",\"contentUrl\":\"https:\/\/amazonexpeditionperu.com\/wp-content\/uploads\/2020\/03\/kuelap-peru.jpg\",\"width\":800,\"height\":600,\"caption\":\"Tours | Amazon Expedition\"},{\"@type\":\"BreadcrumbList\",\"@id\":\"https:\/\/amazonexpeditionperu.com\/home\/#breadcrumb\",\"itemListElement\":[{\"@type\":\"ListItem\",\"position\":1,\"name\":\"Home\",\"item\":\"https:\/\/amazonexpeditionperu.com\/es\/\"},{\"@type\":\"ListItem\",\"position\":2,\"name\":\"Los mejores Tours en Chachapoyas\"}]},{\"@type\":\"WebSite\",\"@id\":\"https:\/\/amazonexpeditionperu.com\/#website\",\"url\":\"https:\/\/amazonexpeditionperu.com\/\",\"name\":\"Amazon Expedition | Peru\",\"description\":\"Tour Agency\",\"publisher\":{\"@id\":\"https:\/\/amazonexpeditionperu.com\/#organization\"},\"potentialAction\":[{\"@type\":\"SearchAction\",\"target\":{\"@type\":\"EntryPoint\",\"urlTemplate\":\"https:\/\/amazonexpeditionperu.com\/?s={search_term_string}\"},\"query-input\":{\"@type\":\"PropertyValueSpecification\",\"valueRequired\":true,\"valueName\":\"search_term_string\"}}],\"inLanguage\":\"es\"},{\"@type\":\"Organization\",\"@id\":\"https:\/\/amazonexpeditionperu.com\/#organization\",\"name\":\"Amazon Expedition | Peru\",\"url\":\"https:\/\/amazonexpeditionperu.com\/\",\"logo\":{\"@type\":\"ImageObject\",\"inLanguage\":\"es\",\"@id\":\"https:\/\/amazonexpeditionperu.com\/#\/schema\/logo\/image\/\",\"url\":\"https:\/\/amazonexpeditionperu.com\/wp-content\/uploads\/2021\/03\/logo-amazon-expedition-blanco.png\",\"contentUrl\":\"https:\/\/amazonexpeditionperu.com\/wp-content\/uploads\/2021\/03\/logo-amazon-expedition-blanco.png\",\"width\":297,\"height\":80,\"caption\":\"Amazon Expedition | Peru\"},\"image\":{\"@id\":\"https:\/\/amazonexpeditionperu.com\/#\/schema\/logo\/image\/\"}}]}<\/script>\n<!-- \/ Yoast SEO plugin. -->","yoast_head_json":{"title":"Los Mejores Destinos Tur\u00edsticos de la Reg\u00edon de Amazonas, Per\u00fa","description":"Reserva Los mejores Tours en Chachapoyas: Ku\u00e9lap, Gocta, Caverna de Quiocta, Laguna de los C\u00f3ndores, Pacaya Samiria. Precios 2022\/2023.","robots":{"index":"index","follow":"follow","max-snippet":"max-snippet:-1","max-image-preview":"max-image-preview:large","max-video-preview":"max-video-preview:-1"},"canonical":"https:\/\/amazonexpeditionperu.com\/home\/","og_locale":"es_ES","og_type":"article","og_title":"Los Mejores Destinos Tur\u00edsticos de la Reg\u00edon de Amazonas, Per\u00fa","og_description":"Reserva Los mejores Tours en Chachapoyas: Ku\u00e9lap, Gocta, Caverna de Quiocta, Laguna de los C\u00f3ndores, Pacaya Samiria. Precios 2022\/2023.","og_url":"https:\/\/amazonexpeditionperu.com\/home\/","og_site_name":"Amazon Expedition | Peru","article_modified_time":"2022-09-02T16:24:03+00:00","og_image":[{"width":1440,"height":550,"url":"https:\/\/amazonexpeditionperu.com\/wp-content\/uploads\/2020\/03\/banner-about-2.jpg","type":"image\/jpeg"}],"twitter_card":"summary_large_image","twitter_misc":{"Tiempo de lectura":"5 minutos"},"schema":{"@context":"https:\/\/schema.org","@graph":[{"@type":"WebPage","@id":"https:\/\/amazonexpeditionperu.com\/home\/","url":"https:\/\/amazonexpeditionperu.com\/home\/","name":"Los Mejores Destinos Tur\u00edsticos de la Reg\u00edon de Amazonas, Per\u00fa","isPartOf":{"@id":"https:\/\/amazonexpeditionperu.com\/#website"},"primaryImageOfPage":{"@id":"https:\/\/amazonexpeditionperu.com\/home\/#primaryimage"},"image":{"@id":"https:\/\/amazonexpeditionperu.com\/home\/#primaryimage"},"thumbnailUrl":"https:\/\/amazonexpeditionperu.com\/wp-content\/uploads\/2020\/03\/kuelap-peru.jpg","datePublished":"2016-12-27T10:12:49+00:00","dateModified":"2022-09-02T16:24:03+00:00","description":"Reserva Los mejores Tours en Chachapoyas: Ku\u00e9lap, Gocta, Caverna de Quiocta, Laguna de los C\u00f3ndores, Pacaya Samiria. Precios 2022\/2023.","breadcrumb":{"@id":"https:\/\/amazonexpeditionperu.com\/home\/#breadcrumb"},"inLanguage":"es","potentialAction":[{"@type":"ReadAction","target":["https:\/\/amazonexpeditionperu.com\/home\/"]}]},{"@type":"ImageObject","inLanguage":"es","@id":"https:\/\/amazonexpeditionperu.com\/home\/#primaryimage","url":"https:\/\/amazonexpeditionperu.com\/wp-content\/uploads\/2020\/03\/kuelap-peru.jpg","contentUrl":"https:\/\/amazonexpeditionperu.com\/wp-content\/uploads\/2020\/03\/kuelap-peru.jpg","width":800,"height":600,"caption":"Tours | Amazon Expedition"},{"@type":"BreadcrumbList","@id":"https:\/\/amazonexpeditionperu.com\/home\/#breadcrumb","itemListElement":[{"@type":"ListItem","position":1,"name":"Home","item":"https:\/\/amazonexpeditionperu.com\/es\/"},{"@type":"ListItem","position":2,"name":"Los mejores Tours en Chachapoyas"}]},{"@type":"WebSite","@id":"https:\/\/amazonexpeditionperu.com\/#website","url":"https:\/\/amazonexpeditionperu.com\/","name":"Amazon Expedition | Peru","description":"Tour Agency","publisher":{"@id":"https:\/\/amazonexpeditionperu.com\/#organization"},"potentialAction":[{"@type":"SearchAction","target":{"@type":"EntryPoint","urlTemplate":"https:\/\/amazonexpeditionperu.com\/?s={search_term_string}"},"query-input":{"@type":"PropertyValueSpecification","valueRequired":true,"valueName":"search_term_string"}}],"inLanguage":"es"},{"@type":"Organization","@id":"https:\/\/amazonexpeditionperu.com\/#organization","name":"Amazon Expedition | Peru","url":"https:\/\/amazonexpeditionperu.com\/","logo":{"@type":"ImageObject","inLanguage":"es","@id":"https:\/\/amazonexpeditionperu.com\/#\/schema\/logo\/image\/","url":"https:\/\/amazonexpeditionperu.com\/wp-content\/uploads\/2021\/03\/logo-amazon-expedition-blanco.png","contentUrl":"https:\/\/amazonexpeditionperu.com\/wp-content\/uploads\/2021\/03\/logo-amazon-expedition-blanco.png","width":297,"height":80,"caption":"Amazon Expedition | Peru"},"image":{"@id":"https:\/\/amazonexpeditionperu.com\/#\/schema\/logo\/image\/"}}]}},"_links":{"self":[{"href":"https:\/\/amazonexpeditionperu.com\/es\/wp-json\/wp\/v2\/pages\/4797","targetHints":{"allow":["GET"]}}],"collection":[{"href":"https:\/\/amazonexpeditionperu.com\/es\/wp-json\/wp\/v2\/pages"}],"about":[{"href":"https:\/\/amazonexpeditionperu.com\/es\/wp-json\/wp\/v2\/types\/page"}],"author":[{"embeddable":true,"href":"https:\/\/amazonexpeditionperu.com\/es\/wp-json\/wp\/v2\/users\/9"}],"replies":[{"embeddable":true,"href":"https:\/\/amazonexpeditionperu.com\/es\/wp-json\/wp\/v2\/comments?post=4797"}],"version-history":[{"count":75,"href":"https:\/\/amazonexpeditionperu.com\/es\/wp-json\/wp\/v2\/pages\/4797\/revisions"}],"predecessor-version":[{"id":5686,"href":"https:\/\/amazonexpeditionperu.com\/es\/wp-json\/wp\/v2\/pages\/4797\/revisions\/5686"}],"wp:featuredmedia":[{"embeddable":true,"href":"https:\/\/amazonexpeditionperu.com\/es\/wp-json\/wp\/v2\/media\/5182"}],"wp:attachment":[{"href":"https:\/\/amazonexpeditionperu.com\/es\/wp-json\/wp\/v2\/media?parent=4797"}],"curies":[{"name":"wp","href":"https:\/\/api.w.org\/{rel}","templated":true}]}}